{"id":1877,"date":"2022-09-08T15:36:23","date_gmt":"2022-09-08T13:36:23","guid":{"rendered":"https:\/\/saildecor.eu\/?post_type=product&#038;p=1877"},"modified":"2024-11-07T10:47:35","modified_gmt":"2024-11-07T09:47:35","slug":"nerka-z-zagla-z-uzywanego-prawdziwego-zagla","status":"publish","type":"product","link":"https:\/\/saildecor.eu\/en\/sklep\/nerka-z-zagla-z-uzywanego-prawdziwego-zagla\/","title":{"rendered":"Sailing kidney, used, real sail"},"content":{"rendered":"<p><strong>Sailing kidney <\/strong>handmade from real, used <strong>the sail<\/strong>who saw many. Equipped with a wide and comfortable to wear adjustable strap. Our kidneys, sacks and bags are not mass-sewn and there are always only a few copies, each of which is slightly different. The kidneys are made of used sails, so they can have stains and discoloration from the use of the sail, which gives them a unique vintage look. There are various stitching on the kidneys and they are unique. Write to us and choose a specific copy. The kidney is decorated with two small boatswain knobs that can be of different colors.<\/p>\n<p>We recommend other products in the collection<a href=\"https:\/\/saildecor.eu\/en\/?product_cat=torby-z-zagla-i-torebki-oraz-worki-zeglarskie\"> SAIL BAGS AND BAGS<\/a><\/p>\n<p>The kidney is a handicraft product, not a machine, made on an individual order, it is not a prefabricated product. Please consider your purchases carefully. Art 38 point 3 Act on consumer rights<span id=\"page3R_mcid2\" class=\"markedContent\"> <\/span><span id=\"page3R_mcid3\" class=\"markedContent\"><span dir=\"ltr\" role=\"presentation\">of 30 May 2014<\/span><\/span><\/p>\n<p>&nbsp;<\/p>\n<p>1TP4 Cruise bag<\/p>\n<p>1TP4 Sailing bag<\/p>\n<p>1TP4 Sail bag<\/p>\n<p># Sail bag<\/p>\n<p># Sailing bag<\/p>\n<p># cruise bag<\/p>\n<p># a real sail<\/p>\n<p># with which for a cruise<\/p>\n<p>1TP4 Nautical accessories<\/p>","protected":false},"excerpt":{"rendered":"<p>Nautical kidney made of a used, recovered sail, a sack made of a real sail<\/p>","protected":false},"featured_media":1879,"template":"","meta":{"_monsterinsights_skip_tracking":false,"_monsterinsights_sitenote_active":false,"_monsterinsights_sitenote_note":"","_monsterinsights_sitenote_category":0},"product_cat":[196],"product_tag":[197,223,302,303,304,492,493,494],"yoast_head":"<!-- This site is optimized with the Yoast SEO plugin v21.1 - https:\/\/yoast.com\/wordpress\/plugins\/seo\/ -->\n<title>Nerka \u017ceglarska, nerka z u\u017cywanego, prawdziwego \u017cagla -<\/title>\n<meta name=\"description\" content=\"Nerka \u017ceglarska z prawdziwego \u017cagla - vintage, p\u0142\u00f3tno z oryginalnego \u017cagla, szeroki i wygodny w noszeniu pasek z regulacj\u0105.\" \/>\n<meta name=\"robots\" content=\"index, follow, max-snippet:-1, max-image-preview:large, max-video-preview:-1\" \/>\n<link rel=\"canonical\" href=\"https:\/\/saildecor.eu\/en\/sklep\/nerka-z-zagla-z-uzywanego-prawdziwego-zagla\/\" \/>\n<meta property=\"og:locale\" content=\"en_GB\" \/>\n<meta property=\"og:type\" content=\"article\" \/>\n<meta property=\"og:title\" content=\"Nerka \u017ceglarska, nerka z u\u017cywanego, prawdziwego \u017cagla -\" \/>\n<meta property=\"og:description\" content=\"Nerka \u017ceglarska z prawdziwego \u017cagla - vintage, p\u0142\u00f3tno z oryginalnego \u017cagla, szeroki i wygodny w noszeniu pasek z regulacj\u0105.\" \/>\n<meta property=\"og:url\" content=\"https:\/\/saildecor.eu\/en\/sklep\/nerka-z-zagla-z-uzywanego-prawdziwego-zagla\/\" \/>\n<meta property=\"article:publisher\" content=\"https:\/\/www.facebook.com\/saildecor\" \/>\n<meta property=\"article:modified_time\" content=\"2024-11-07T09:47:35+00:00\" \/>\n<meta property=\"og:image\" content=\"https:\/\/saildecor.eu\/wp-content\/uploads\/2022\/09\/IMG_20220908_143249393_HDR-scaled.jpg\" \/>\n\t<meta property=\"og:image:width\" content=\"2560\" \/>\n\t<meta property=\"og:image:height\" content=\"2424\" \/>\n\t<meta property=\"og:image:type\" content=\"image\/jpeg\" \/>\n<meta name=\"twitter:card\" content=\"summary_large_image\" \/>\n<meta name=\"twitter:label1\" content=\"Estimated reading time\" \/>\n\t<meta name=\"twitter:data1\" content=\"1 minute\" \/>\n<script type=\"application\/ld+json\" class=\"yoast-schema-graph\">{\"@context\":\"https:\/\/schema.org\",\"@graph\":[{\"@type\":\"WebPage\",\"@id\":\"https:\/\/saildecor.eu\/sklep\/nerka-z-zagla-z-uzywanego-prawdziwego-zagla\/\",\"url\":\"https:\/\/saildecor.eu\/sklep\/nerka-z-zagla-z-uzywanego-prawdziwego-zagla\/\",\"name\":\"Nerka \u017ceglarska, nerka z u\u017cywanego, prawdziwego \u017cagla -\",\"isPartOf\":{\"@id\":\"https:\/\/saildecor.eu\/#website\"},\"datePublished\":\"2022-09-08T13:36:23+00:00\",\"dateModified\":\"2024-11-07T09:47:35+00:00\",\"description\":\"Nerka \u017ceglarska z prawdziwego \u017cagla - vintage, p\u0142\u00f3tno z oryginalnego \u017cagla, szeroki i wygodny w noszeniu pasek z regulacj\u0105.\",\"breadcrumb\":{\"@id\":\"https:\/\/saildecor.eu\/sklep\/nerka-z-zagla-z-uzywanego-prawdziwego-zagla\/#breadcrumb\"},\"inLanguage\":\"en-GB\",\"potentialAction\":[{\"@type\":\"ReadAction\",\"target\":[\"https:\/\/saildecor.eu\/sklep\/nerka-z-zagla-z-uzywanego-prawdziwego-zagla\/\"]}]},{\"@type\":\"BreadcrumbList\",\"@id\":\"https:\/\/saildecor.eu\/sklep\/nerka-z-zagla-z-uzywanego-prawdziwego-zagla\/#breadcrumb\",\"itemListElement\":[{\"@type\":\"ListItem\",\"position\":1,\"name\":\"Strona g\u0142\u00f3wna\",\"item\":\"https:\/\/saildecor.eu\/\"},{\"@type\":\"ListItem\",\"position\":2,\"name\":\"Sklep\",\"item\":\"https:\/\/saildecor.eu\/\"},{\"@type\":\"ListItem\",\"position\":3,\"name\":\"Nerka \u017ceglarska, nerka z u\u017cywanego, prawdziwego \u017cagla\"}]},{\"@type\":\"WebSite\",\"@id\":\"https:\/\/saildecor.eu\/#website\",\"url\":\"https:\/\/saildecor.eu\/\",\"name\":\"\",\"description\":\"\",\"publisher\":{\"@id\":\"https:\/\/saildecor.eu\/#organization\"},\"potentialAction\":[{\"@type\":\"SearchAction\",\"target\":{\"@type\":\"EntryPoint\",\"urlTemplate\":\"https:\/\/saildecor.eu\/?s={search_term_string}\"},\"query-input\":\"required name=search_term_string\"}],\"inLanguage\":\"en-GB\"},{\"@type\":\"Organization\",\"@id\":\"https:\/\/saildecor.eu\/#organization\",\"name\":\"Saildecor\",\"url\":\"https:\/\/saildecor.eu\/\",\"logo\":{\"@type\":\"ImageObject\",\"inLanguage\":\"en-GB\",\"@id\":\"https:\/\/saildecor.eu\/#\/schema\/logo\/image\/\",\"url\":\"https:\/\/saildecor.eu\/wp-content\/uploads\/2021\/03\/Saildecor-_small.jpg\",\"contentUrl\":\"https:\/\/saildecor.eu\/wp-content\/uploads\/2021\/03\/Saildecor-_small.jpg\",\"width\":600,\"height\":484,\"caption\":\"Saildecor\"},\"image\":{\"@id\":\"https:\/\/saildecor.eu\/#\/schema\/logo\/image\/\"},\"sameAs\":[\"https:\/\/www.facebook.com\/saildecor\",\"https:\/\/www.instagram.com\/saildecorart\/\"]}]}<\/script>\n<!-- \/ Yoast SEO plugin. -->","yoast_head_json":{"title":"Nerka \u017ceglarska, nerka z u\u017cywanego, prawdziwego \u017cagla -","description":"Nerka \u017ceglarska z prawdziwego \u017cagla - vintage, p\u0142\u00f3tno z oryginalnego \u017cagla, szeroki i wygodny w noszeniu pasek z regulacj\u0105.","robots":{"index":"index","follow":"follow","max-snippet":"max-snippet:-1","max-image-preview":"max-image-preview:large","max-video-preview":"max-video-preview:-1"},"canonical":"https:\/\/saildecor.eu\/en\/sklep\/nerka-z-zagla-z-uzywanego-prawdziwego-zagla\/","og_locale":"en_GB","og_type":"article","og_title":"Nerka \u017ceglarska, nerka z u\u017cywanego, prawdziwego \u017cagla -","og_description":"Nerka \u017ceglarska z prawdziwego \u017cagla - vintage, p\u0142\u00f3tno z oryginalnego \u017cagla, szeroki i wygodny w noszeniu pasek z regulacj\u0105.","og_url":"https:\/\/saildecor.eu\/en\/sklep\/nerka-z-zagla-z-uzywanego-prawdziwego-zagla\/","article_publisher":"https:\/\/www.facebook.com\/saildecor","article_modified_time":"2024-11-07T09:47:35+00:00","og_image":[{"width":2560,"height":2424,"url":"https:\/\/saildecor.eu\/wp-content\/uploads\/2022\/09\/IMG_20220908_143249393_HDR-scaled.jpg","type":"image\/jpeg"}],"twitter_card":"summary_large_image","twitter_misc":{"Estimated reading time":"1 minute"},"schema":{"@context":"https:\/\/schema.org","@graph":[{"@type":"WebPage","@id":"https:\/\/saildecor.eu\/sklep\/nerka-z-zagla-z-uzywanego-prawdziwego-zagla\/","url":"https:\/\/saildecor.eu\/sklep\/nerka-z-zagla-z-uzywanego-prawdziwego-zagla\/","name":"Nerka \u017ceglarska, nerka z u\u017cywanego, prawdziwego \u017cagla -","isPartOf":{"@id":"https:\/\/saildecor.eu\/#website"},"datePublished":"2022-09-08T13:36:23+00:00","dateModified":"2024-11-07T09:47:35+00:00","description":"Nerka \u017ceglarska z prawdziwego \u017cagla - vintage, p\u0142\u00f3tno z oryginalnego \u017cagla, szeroki i wygodny w noszeniu pasek z regulacj\u0105.","breadcrumb":{"@id":"https:\/\/saildecor.eu\/sklep\/nerka-z-zagla-z-uzywanego-prawdziwego-zagla\/#breadcrumb"},"inLanguage":"en-GB","potentialAction":[{"@type":"ReadAction","target":["https:\/\/saildecor.eu\/sklep\/nerka-z-zagla-z-uzywanego-prawdziwego-zagla\/"]}]},{"@type":"BreadcrumbList","@id":"https:\/\/saildecor.eu\/sklep\/nerka-z-zagla-z-uzywanego-prawdziwego-zagla\/#breadcrumb","itemListElement":[{"@type":"ListItem","position":1,"name":"Strona g\u0142\u00f3wna","item":"https:\/\/saildecor.eu\/"},{"@type":"ListItem","position":2,"name":"Sklep","item":"https:\/\/saildecor.eu\/"},{"@type":"ListItem","position":3,"name":"Nerka \u017ceglarska, nerka z u\u017cywanego, prawdziwego \u017cagla"}]},{"@type":"WebSite","@id":"https:\/\/saildecor.eu\/#website","url":"https:\/\/saildecor.eu\/","name":"","description":"","publisher":{"@id":"https:\/\/saildecor.eu\/#organization"},"potentialAction":[{"@type":"SearchAction","target":{"@type":"EntryPoint","urlTemplate":"https:\/\/saildecor.eu\/?s={search_term_string}"},"query-input":"required name=search_term_string"}],"inLanguage":"en-GB"},{"@type":"Organization","@id":"https:\/\/saildecor.eu\/#organization","name":"Saildecor","url":"https:\/\/saildecor.eu\/","logo":{"@type":"ImageObject","inLanguage":"en-GB","@id":"https:\/\/saildecor.eu\/#\/schema\/logo\/image\/","url":"https:\/\/saildecor.eu\/wp-content\/uploads\/2021\/03\/Saildecor-_small.jpg","contentUrl":"https:\/\/saildecor.eu\/wp-content\/uploads\/2021\/03\/Saildecor-_small.jpg","width":600,"height":484,"caption":"Saildecor"},"image":{"@id":"https:\/\/saildecor.eu\/#\/schema\/logo\/image\/"},"sameAs":["https:\/\/www.facebook.com\/saildecor","https:\/\/www.instagram.com\/saildecorart\/"]}]}},"_links":{"self":[{"href":"https:\/\/saildecor.eu\/en\/wp-json\/wp\/v2\/product\/1877"}],"collection":[{"href":"https:\/\/saildecor.eu\/en\/wp-json\/wp\/v2\/product"}],"about":[{"href":"https:\/\/saildecor.eu\/en\/wp-json\/wp\/v2\/types\/product"}],"wp:featuredmedia":[{"embeddable":true,"href":"https:\/\/saildecor.eu\/en\/wp-json\/wp\/v2\/media\/1879"}],"wp:attachment":[{"href":"https:\/\/saildecor.eu\/en\/wp-json\/wp\/v2\/media?parent=1877"}],"wp:term":[{"taxonomy":"product_cat","embeddable":true,"href":"https:\/\/saildecor.eu\/en\/wp-json\/wp\/v2\/product_cat?post=1877"},{"taxonomy":"product_tag","embeddable":true,"href":"https:\/\/saildecor.eu\/en\/wp-json\/wp\/v2\/product_tag?post=1877"}],"curies":[{"name":"wp","href":"https:\/\/api.w.org\/{rel}","templated":true}]}}