{"id":1809,"date":"2022-03-21T19:38:47","date_gmt":"2022-03-21T18:38:47","guid":{"rendered":"https:\/\/saildecor.eu\/?post_type=product&#038;p=1809"},"modified":"2023-06-30T17:23:54","modified_gmt":"2023-06-30T15:23:54","slug":"figura-drewniana-kot-kot-z-drewna","status":"publish","type":"product","link":"https:\/\/saildecor.eu\/en\/sklep\/figura-drewniana-kot-kot-z-drewna\/","title":{"rendered":"A figure of a wooden cat, a cat made of wood"},"content":{"rendered":"<p>Extremely original <strong>figure of a wooden cat, a cat made of wood<\/strong>. Perfect for a cat lover or a real cat lover. The cat can stand on a dresser or on the floor. It is 60 cm high. The cat figure is made of wood, painted with acrylic paints, it stands steadily.<\/p>\n<p>The figure of a wooden cat is a handicraft product, not a machine, made on an individual order, it is not a prefabricated product. Please consider your purchases carefully. Art 38 point 3 Act on consumer rights<span id=\"page3R_mcid2\" class=\"markedContent\"> <\/span><span id=\"page3R_mcid3\" class=\"markedContent\"><span dir=\"ltr\" role=\"presentation\">of 30 May 2014<\/span><\/span><\/p>\n<p>We also recommend watching the entire cat and dog decorations <a href=\"https:\/\/saildecor.eu\/en\/product-category\/kocia-sterfa-dla-kociarzy\/\">cat and dog decorations<\/a><\/p>","protected":false},"excerpt":{"rendered":"<p>Niezwykle oryginalna figura drewniana kot, kot z drewna. Idealna dla mi\u0142o\u015bnika kot\u00f3w czyli prawdziwego kociarza. Kot mo\u017ce sta\u0107 na komodzie lub na pod\u0142odze. Ma 60 cm wysoko\u015bci. Figura kot jest wykonana z drewna pomalowana farbami akrylowymi, stoi stabilnie. Figura drewniana kot jest produktem r\u0119kodzielniczym, nie maszynowym, wykonywanym na indywidualne zam\u00f3wienie, nie jest produktem prefabrykowanym. Prosimy [&hellip;]<\/p>","protected":false},"featured_media":1813,"template":"","meta":{"_monsterinsights_skip_tracking":false,"_monsterinsights_sitenote_active":false,"_monsterinsights_sitenote_note":"","_monsterinsights_sitenote_category":0},"product_cat":[403],"product_tag":[386,459,460,461,462,463,464],"yoast_head":"<!-- This site is optimized with the Yoast SEO plugin v21.1 - https:\/\/yoast.com\/wordpress\/plugins\/seo\/ -->\n<title>Figura drewniana kot, kot z drewna -<\/title>\n<meta name=\"description\" content=\"oryginalna figura drewniana kot, kot z drewna. Figura stoj\u0105ca. Idealny prezent dla kociarza. Pi\u0119kna kocia dekoracja\" \/>\n<meta name=\"robots\" content=\"index, follow, max-snippet:-1, max-image-preview:large, max-video-preview:-1\" \/>\n<link rel=\"canonical\" href=\"https:\/\/saildecor.eu\/en\/sklep\/figura-drewniana-kot-kot-z-drewna\/\" \/>\n<meta property=\"og:locale\" content=\"en_GB\" \/>\n<meta property=\"og:type\" content=\"article\" \/>\n<meta property=\"og:title\" content=\"Figura drewniana kot, kot z drewna -\" \/>\n<meta property=\"og:description\" content=\"oryginalna figura drewniana kot, kot z drewna. Figura stoj\u0105ca. Idealny prezent dla kociarza. Pi\u0119kna kocia dekoracja\" \/>\n<meta property=\"og:url\" content=\"https:\/\/saildecor.eu\/en\/sklep\/figura-drewniana-kot-kot-z-drewna\/\" \/>\n<meta property=\"article:publisher\" content=\"https:\/\/www.facebook.com\/saildecor\" \/>\n<meta property=\"article:modified_time\" content=\"2023-06-30T15:23:54+00:00\" \/>\n<meta property=\"og:image\" content=\"https:\/\/saildecor.eu\/wp-content\/uploads\/2022\/03\/Kot-z-drewna-figura-kot-3-scaled.jpeg\" \/>\n\t<meta property=\"og:image:width\" content=\"1920\" \/>\n\t<meta property=\"og:image:height\" content=\"2560\" \/>\n\t<meta property=\"og:image:type\" content=\"image\/jpeg\" \/>\n<meta name=\"twitter:card\" content=\"summary_large_image\" \/>\n<meta name=\"twitter:label1\" content=\"Estimated reading time\" \/>\n\t<meta name=\"twitter:data1\" content=\"1 minute\" \/>\n<script type=\"application\/ld+json\" class=\"yoast-schema-graph\">{\"@context\":\"https:\/\/schema.org\",\"@graph\":[{\"@type\":\"WebPage\",\"@id\":\"https:\/\/saildecor.eu\/sklep\/figura-drewniana-kot-kot-z-drewna\/\",\"url\":\"https:\/\/saildecor.eu\/sklep\/figura-drewniana-kot-kot-z-drewna\/\",\"name\":\"Figura drewniana kot, kot z drewna -\",\"isPartOf\":{\"@id\":\"https:\/\/saildecor.eu\/#website\"},\"datePublished\":\"2022-03-21T18:38:47+00:00\",\"dateModified\":\"2023-06-30T15:23:54+00:00\",\"description\":\"oryginalna figura drewniana kot, kot z drewna. Figura stoj\u0105ca. Idealny prezent dla kociarza. Pi\u0119kna kocia dekoracja\",\"breadcrumb\":{\"@id\":\"https:\/\/saildecor.eu\/sklep\/figura-drewniana-kot-kot-z-drewna\/#breadcrumb\"},\"inLanguage\":\"en-GB\",\"potentialAction\":[{\"@type\":\"ReadAction\",\"target\":[\"https:\/\/saildecor.eu\/sklep\/figura-drewniana-kot-kot-z-drewna\/\"]}]},{\"@type\":\"BreadcrumbList\",\"@id\":\"https:\/\/saildecor.eu\/sklep\/figura-drewniana-kot-kot-z-drewna\/#breadcrumb\",\"itemListElement\":[{\"@type\":\"ListItem\",\"position\":1,\"name\":\"Strona g\u0142\u00f3wna\",\"item\":\"https:\/\/saildecor.eu\/\"},{\"@type\":\"ListItem\",\"position\":2,\"name\":\"Sklep\",\"item\":\"https:\/\/saildecor.eu\/\"},{\"@type\":\"ListItem\",\"position\":3,\"name\":\"Figura drewniana kot, kot z drewna\"}]},{\"@type\":\"WebSite\",\"@id\":\"https:\/\/saildecor.eu\/#website\",\"url\":\"https:\/\/saildecor.eu\/\",\"name\":\"\",\"description\":\"\",\"publisher\":{\"@id\":\"https:\/\/saildecor.eu\/#organization\"},\"potentialAction\":[{\"@type\":\"SearchAction\",\"target\":{\"@type\":\"EntryPoint\",\"urlTemplate\":\"https:\/\/saildecor.eu\/?s={search_term_string}\"},\"query-input\":\"required name=search_term_string\"}],\"inLanguage\":\"en-GB\"},{\"@type\":\"Organization\",\"@id\":\"https:\/\/saildecor.eu\/#organization\",\"name\":\"Saildecor\",\"url\":\"https:\/\/saildecor.eu\/\",\"logo\":{\"@type\":\"ImageObject\",\"inLanguage\":\"en-GB\",\"@id\":\"https:\/\/saildecor.eu\/#\/schema\/logo\/image\/\",\"url\":\"https:\/\/saildecor.eu\/wp-content\/uploads\/2021\/03\/Saildecor-_small.jpg\",\"contentUrl\":\"https:\/\/saildecor.eu\/wp-content\/uploads\/2021\/03\/Saildecor-_small.jpg\",\"width\":600,\"height\":484,\"caption\":\"Saildecor\"},\"image\":{\"@id\":\"https:\/\/saildecor.eu\/#\/schema\/logo\/image\/\"},\"sameAs\":[\"https:\/\/www.facebook.com\/saildecor\",\"https:\/\/www.instagram.com\/saildecorart\/\"]}]}<\/script>\n<!-- \/ Yoast SEO plugin. -->","yoast_head_json":{"title":"Figura drewniana kot, kot z drewna -","description":"oryginalna figura drewniana kot, kot z drewna. Figura stoj\u0105ca. Idealny prezent dla kociarza. Pi\u0119kna kocia dekoracja","robots":{"index":"index","follow":"follow","max-snippet":"max-snippet:-1","max-image-preview":"max-image-preview:large","max-video-preview":"max-video-preview:-1"},"canonical":"https:\/\/saildecor.eu\/en\/sklep\/figura-drewniana-kot-kot-z-drewna\/","og_locale":"en_GB","og_type":"article","og_title":"Figura drewniana kot, kot z drewna -","og_description":"oryginalna figura drewniana kot, kot z drewna. Figura stoj\u0105ca. Idealny prezent dla kociarza. Pi\u0119kna kocia dekoracja","og_url":"https:\/\/saildecor.eu\/en\/sklep\/figura-drewniana-kot-kot-z-drewna\/","article_publisher":"https:\/\/www.facebook.com\/saildecor","article_modified_time":"2023-06-30T15:23:54+00:00","og_image":[{"width":1920,"height":2560,"url":"https:\/\/saildecor.eu\/wp-content\/uploads\/2022\/03\/Kot-z-drewna-figura-kot-3-scaled.jpeg","type":"image\/jpeg"}],"twitter_card":"summary_large_image","twitter_misc":{"Estimated reading time":"1 minute"},"schema":{"@context":"https:\/\/schema.org","@graph":[{"@type":"WebPage","@id":"https:\/\/saildecor.eu\/sklep\/figura-drewniana-kot-kot-z-drewna\/","url":"https:\/\/saildecor.eu\/sklep\/figura-drewniana-kot-kot-z-drewna\/","name":"Figura drewniana kot, kot z drewna -","isPartOf":{"@id":"https:\/\/saildecor.eu\/#website"},"datePublished":"2022-03-21T18:38:47+00:00","dateModified":"2023-06-30T15:23:54+00:00","description":"oryginalna figura drewniana kot, kot z drewna. Figura stoj\u0105ca. Idealny prezent dla kociarza. Pi\u0119kna kocia dekoracja","breadcrumb":{"@id":"https:\/\/saildecor.eu\/sklep\/figura-drewniana-kot-kot-z-drewna\/#breadcrumb"},"inLanguage":"en-GB","potentialAction":[{"@type":"ReadAction","target":["https:\/\/saildecor.eu\/sklep\/figura-drewniana-kot-kot-z-drewna\/"]}]},{"@type":"BreadcrumbList","@id":"https:\/\/saildecor.eu\/sklep\/figura-drewniana-kot-kot-z-drewna\/#breadcrumb","itemListElement":[{"@type":"ListItem","position":1,"name":"Strona g\u0142\u00f3wna","item":"https:\/\/saildecor.eu\/"},{"@type":"ListItem","position":2,"name":"Sklep","item":"https:\/\/saildecor.eu\/"},{"@type":"ListItem","position":3,"name":"Figura drewniana kot, kot z drewna"}]},{"@type":"WebSite","@id":"https:\/\/saildecor.eu\/#website","url":"https:\/\/saildecor.eu\/","name":"","description":"","publisher":{"@id":"https:\/\/saildecor.eu\/#organization"},"potentialAction":[{"@type":"SearchAction","target":{"@type":"EntryPoint","urlTemplate":"https:\/\/saildecor.eu\/?s={search_term_string}"},"query-input":"required name=search_term_string"}],"inLanguage":"en-GB"},{"@type":"Organization","@id":"https:\/\/saildecor.eu\/#organization","name":"Saildecor","url":"https:\/\/saildecor.eu\/","logo":{"@type":"ImageObject","inLanguage":"en-GB","@id":"https:\/\/saildecor.eu\/#\/schema\/logo\/image\/","url":"https:\/\/saildecor.eu\/wp-content\/uploads\/2021\/03\/Saildecor-_small.jpg","contentUrl":"https:\/\/saildecor.eu\/wp-content\/uploads\/2021\/03\/Saildecor-_small.jpg","width":600,"height":484,"caption":"Saildecor"},"image":{"@id":"https:\/\/saildecor.eu\/#\/schema\/logo\/image\/"},"sameAs":["https:\/\/www.facebook.com\/saildecor","https:\/\/www.instagram.com\/saildecorart\/"]}]}},"_links":{"self":[{"href":"https:\/\/saildecor.eu\/en\/wp-json\/wp\/v2\/product\/1809"}],"collection":[{"href":"https:\/\/saildecor.eu\/en\/wp-json\/wp\/v2\/product"}],"about":[{"href":"https:\/\/saildecor.eu\/en\/wp-json\/wp\/v2\/types\/product"}],"wp:featuredmedia":[{"embeddable":true,"href":"https:\/\/saildecor.eu\/en\/wp-json\/wp\/v2\/media\/1813"}],"wp:attachment":[{"href":"https:\/\/saildecor.eu\/en\/wp-json\/wp\/v2\/media?parent=1809"}],"wp:term":[{"taxonomy":"product_cat","embeddable":true,"href":"https:\/\/saildecor.eu\/en\/wp-json\/wp\/v2\/product_cat?post=1809"},{"taxonomy":"product_tag","embeddable":true,"href":"https:\/\/saildecor.eu\/en\/wp-json\/wp\/v2\/product_tag?post=1809"}],"curies":[{"name":"wp","href":"https:\/\/api.w.org\/{rel}","templated":true}]}}