{"id":1785,"date":"2022-02-08T14:43:46","date_gmt":"2022-02-08T13:43:46","guid":{"rendered":"https:\/\/saildecor.eu\/?post_type=product&#038;p=1785"},"modified":"2025-06-06T23:47:57","modified_gmt":"2025-06-06T21:47:57","slug":"kotwa-szpila-do-namiotu-handlowego-pawilonu","status":"publish","type":"product","link":"https:\/\/saildecor.eu\/en\/sklep\/kotwa-szpila-do-namiotu-handlowego-pawilonu\/","title":{"rendered":"Anchor, pin for the pavilion&#039;s commercial tent"},"content":{"rendered":"<p>Solidna kotwa, szpila do namiotu handlowego pawilonu lub namiotu ogrodowego. Kotwa zabezpieczy namiot przed podmuchami wiatru i oderwaniem od pod\u0142o\u017ca.<\/p>\n<p><span class=\"d2edcug0 hpfvmrgz qv66sw1b c1et5uql lr9zc1uh a8c37x1j fe6kdd0r mau55g9w c8b282yb keod5gw0 nxhoafnm aigsh9s9 d3f4x2em iv3no6db jq4qci2q a3bd9o3v b1v8xokw oo9gr5id hzawbc8m\" dir=\"auto\">Kotwa ma wymiar : d\u0142ugo\u015b\u0107 35 cm , poprzeczka 11 cm. Wykonana z pr\u0119ta stalowego fi 12 mm \u017cebrowanego, pomalowana farba cynkowa. Istnieje mo\u017cliwo\u015b\u0107 wykonania kotwy w innym rozmiarze oraz ocynkowania.<\/span><\/p>\n<p>Kotwa jest produktem r\u0119kodzielniczym, nie maszynowym, wykonywanym na indywidualne zam\u00f3wienie, nie jest produktem prefabrykowanym,. Prosimy o przemy\u015blane zakupy. Art 38 pkt3 Ustawa o prawach konsument<span id=\"page3R_mcid2\" class=\"markedContent\"> <\/span><span id=\"page3R_mcid3\" class=\"markedContent\"><span dir=\"ltr\" role=\"presentation\">of 30 May 2014<\/span><\/span><\/p>\n<p>Zobacz inne nasze produkty <a href=\"https:\/\/saildecor.eu\/en\/product-category\/ozdobyi-dekoracje-ze-stali\/\">ze stali<\/a><\/p>","protected":false},"excerpt":{"rendered":"<p>Tent anchor<\/p>","protected":false},"featured_media":1790,"template":"","meta":{"_monsterinsights_skip_tracking":false,"_monsterinsights_sitenote_active":false,"_monsterinsights_sitenote_note":"","_monsterinsights_sitenote_category":0},"product_cat":[28],"product_tag":[445,446,447,448,449,450],"yoast_head":"<!-- This site is optimized with the Yoast SEO plugin v21.1 - https:\/\/yoast.com\/wordpress\/plugins\/seo\/ -->\n<title>Kotwa, szpila do namiotu handlowego pawilonu -<\/title>\n<meta name=\"description\" content=\"Solidna kotwa, szpila do namiotu handlowego pawilonu lub namiotu ogrodowego. Kotwa zabezpieczy namiot przed wiatrem. kupisz na saildecor.eu\" \/>\n<meta name=\"robots\" content=\"index, follow, max-snippet:-1, max-image-preview:large, max-video-preview:-1\" \/>\n<link rel=\"canonical\" href=\"https:\/\/saildecor.eu\/en\/sklep\/kotwa-szpila-do-namiotu-handlowego-pawilonu\/\" \/>\n<meta property=\"og:locale\" content=\"en_GB\" \/>\n<meta property=\"og:type\" content=\"article\" \/>\n<meta property=\"og:title\" content=\"Kotwa, szpila do namiotu handlowego pawilonu -\" \/>\n<meta property=\"og:description\" content=\"Solidna kotwa, szpila do namiotu handlowego pawilonu lub namiotu ogrodowego. Kotwa zabezpieczy namiot przed wiatrem. kupisz na saildecor.eu\" \/>\n<meta property=\"og:url\" content=\"https:\/\/saildecor.eu\/en\/sklep\/kotwa-szpila-do-namiotu-handlowego-pawilonu\/\" \/>\n<meta property=\"article:publisher\" content=\"https:\/\/www.facebook.com\/saildecor\" \/>\n<meta property=\"article:modified_time\" content=\"2025-06-06T21:47:57+00:00\" \/>\n<meta property=\"og:image\" content=\"https:\/\/saildecor.eu\/wp-content\/uploads\/2022\/02\/kotwa-do-namiotu-handlowego-2.jpg\" \/>\n\t<meta property=\"og:image:width\" content=\"800\" \/>\n\t<meta property=\"og:image:height\" content=\"1235\" \/>\n\t<meta property=\"og:image:type\" content=\"image\/jpeg\" \/>\n<meta name=\"twitter:card\" content=\"summary_large_image\" \/>\n<meta name=\"twitter:label1\" content=\"Estimated reading time\" \/>\n\t<meta name=\"twitter:data1\" content=\"1 minute\" \/>\n<script type=\"application\/ld+json\" class=\"yoast-schema-graph\">{\"@context\":\"https:\/\/schema.org\",\"@graph\":[{\"@type\":\"WebPage\",\"@id\":\"https:\/\/saildecor.eu\/sklep\/kotwa-szpila-do-namiotu-handlowego-pawilonu\/\",\"url\":\"https:\/\/saildecor.eu\/sklep\/kotwa-szpila-do-namiotu-handlowego-pawilonu\/\",\"name\":\"Kotwa, szpila do namiotu handlowego pawilonu -\",\"isPartOf\":{\"@id\":\"https:\/\/saildecor.eu\/#website\"},\"datePublished\":\"2022-02-08T13:43:46+00:00\",\"dateModified\":\"2025-06-06T21:47:57+00:00\",\"description\":\"Solidna kotwa, szpila do namiotu handlowego pawilonu lub namiotu ogrodowego. Kotwa zabezpieczy namiot przed wiatrem. kupisz na saildecor.eu\",\"breadcrumb\":{\"@id\":\"https:\/\/saildecor.eu\/sklep\/kotwa-szpila-do-namiotu-handlowego-pawilonu\/#breadcrumb\"},\"inLanguage\":\"en-GB\",\"potentialAction\":[{\"@type\":\"ReadAction\",\"target\":[\"https:\/\/saildecor.eu\/sklep\/kotwa-szpila-do-namiotu-handlowego-pawilonu\/\"]}]},{\"@type\":\"BreadcrumbList\",\"@id\":\"https:\/\/saildecor.eu\/sklep\/kotwa-szpila-do-namiotu-handlowego-pawilonu\/#breadcrumb\",\"itemListElement\":[{\"@type\":\"ListItem\",\"position\":1,\"name\":\"Strona g\u0142\u00f3wna\",\"item\":\"https:\/\/saildecor.eu\/\"},{\"@type\":\"ListItem\",\"position\":2,\"name\":\"Sklep\",\"item\":\"https:\/\/saildecor.eu\/\"},{\"@type\":\"ListItem\",\"position\":3,\"name\":\"Kotwa, szpila do namiotu handlowego pawilonu\"}]},{\"@type\":\"WebSite\",\"@id\":\"https:\/\/saildecor.eu\/#website\",\"url\":\"https:\/\/saildecor.eu\/\",\"name\":\"\",\"description\":\"\",\"publisher\":{\"@id\":\"https:\/\/saildecor.eu\/#organization\"},\"potentialAction\":[{\"@type\":\"SearchAction\",\"target\":{\"@type\":\"EntryPoint\",\"urlTemplate\":\"https:\/\/saildecor.eu\/?s={search_term_string}\"},\"query-input\":\"required name=search_term_string\"}],\"inLanguage\":\"en-GB\"},{\"@type\":\"Organization\",\"@id\":\"https:\/\/saildecor.eu\/#organization\",\"name\":\"Saildecor\",\"url\":\"https:\/\/saildecor.eu\/\",\"logo\":{\"@type\":\"ImageObject\",\"inLanguage\":\"en-GB\",\"@id\":\"https:\/\/saildecor.eu\/#\/schema\/logo\/image\/\",\"url\":\"https:\/\/saildecor.eu\/wp-content\/uploads\/2021\/03\/Saildecor-_small.jpg\",\"contentUrl\":\"https:\/\/saildecor.eu\/wp-content\/uploads\/2021\/03\/Saildecor-_small.jpg\",\"width\":600,\"height\":484,\"caption\":\"Saildecor\"},\"image\":{\"@id\":\"https:\/\/saildecor.eu\/#\/schema\/logo\/image\/\"},\"sameAs\":[\"https:\/\/www.facebook.com\/saildecor\",\"https:\/\/www.instagram.com\/saildecorart\/\"]}]}<\/script>\n<!-- \/ Yoast SEO plugin. -->","yoast_head_json":{"title":"Kotwa, szpila do namiotu handlowego pawilonu -","description":"Solidna kotwa, szpila do namiotu handlowego pawilonu lub namiotu ogrodowego. Kotwa zabezpieczy namiot przed wiatrem. kupisz na saildecor.eu","robots":{"index":"index","follow":"follow","max-snippet":"max-snippet:-1","max-image-preview":"max-image-preview:large","max-video-preview":"max-video-preview:-1"},"canonical":"https:\/\/saildecor.eu\/en\/sklep\/kotwa-szpila-do-namiotu-handlowego-pawilonu\/","og_locale":"en_GB","og_type":"article","og_title":"Kotwa, szpila do namiotu handlowego pawilonu -","og_description":"Solidna kotwa, szpila do namiotu handlowego pawilonu lub namiotu ogrodowego. Kotwa zabezpieczy namiot przed wiatrem. kupisz na saildecor.eu","og_url":"https:\/\/saildecor.eu\/en\/sklep\/kotwa-szpila-do-namiotu-handlowego-pawilonu\/","article_publisher":"https:\/\/www.facebook.com\/saildecor","article_modified_time":"2025-06-06T21:47:57+00:00","og_image":[{"width":800,"height":1235,"url":"https:\/\/saildecor.eu\/wp-content\/uploads\/2022\/02\/kotwa-do-namiotu-handlowego-2.jpg","type":"image\/jpeg"}],"twitter_card":"summary_large_image","twitter_misc":{"Estimated reading time":"1 minute"},"schema":{"@context":"https:\/\/schema.org","@graph":[{"@type":"WebPage","@id":"https:\/\/saildecor.eu\/sklep\/kotwa-szpila-do-namiotu-handlowego-pawilonu\/","url":"https:\/\/saildecor.eu\/sklep\/kotwa-szpila-do-namiotu-handlowego-pawilonu\/","name":"Kotwa, szpila do namiotu handlowego pawilonu -","isPartOf":{"@id":"https:\/\/saildecor.eu\/#website"},"datePublished":"2022-02-08T13:43:46+00:00","dateModified":"2025-06-06T21:47:57+00:00","description":"Solidna kotwa, szpila do namiotu handlowego pawilonu lub namiotu ogrodowego. Kotwa zabezpieczy namiot przed wiatrem. kupisz na saildecor.eu","breadcrumb":{"@id":"https:\/\/saildecor.eu\/sklep\/kotwa-szpila-do-namiotu-handlowego-pawilonu\/#breadcrumb"},"inLanguage":"en-GB","potentialAction":[{"@type":"ReadAction","target":["https:\/\/saildecor.eu\/sklep\/kotwa-szpila-do-namiotu-handlowego-pawilonu\/"]}]},{"@type":"BreadcrumbList","@id":"https:\/\/saildecor.eu\/sklep\/kotwa-szpila-do-namiotu-handlowego-pawilonu\/#breadcrumb","itemListElement":[{"@type":"ListItem","position":1,"name":"Strona g\u0142\u00f3wna","item":"https:\/\/saildecor.eu\/"},{"@type":"ListItem","position":2,"name":"Sklep","item":"https:\/\/saildecor.eu\/"},{"@type":"ListItem","position":3,"name":"Kotwa, szpila do namiotu handlowego pawilonu"}]},{"@type":"WebSite","@id":"https:\/\/saildecor.eu\/#website","url":"https:\/\/saildecor.eu\/","name":"","description":"","publisher":{"@id":"https:\/\/saildecor.eu\/#organization"},"potentialAction":[{"@type":"SearchAction","target":{"@type":"EntryPoint","urlTemplate":"https:\/\/saildecor.eu\/?s={search_term_string}"},"query-input":"required name=search_term_string"}],"inLanguage":"en-GB"},{"@type":"Organization","@id":"https:\/\/saildecor.eu\/#organization","name":"Saildecor","url":"https:\/\/saildecor.eu\/","logo":{"@type":"ImageObject","inLanguage":"en-GB","@id":"https:\/\/saildecor.eu\/#\/schema\/logo\/image\/","url":"https:\/\/saildecor.eu\/wp-content\/uploads\/2021\/03\/Saildecor-_small.jpg","contentUrl":"https:\/\/saildecor.eu\/wp-content\/uploads\/2021\/03\/Saildecor-_small.jpg","width":600,"height":484,"caption":"Saildecor"},"image":{"@id":"https:\/\/saildecor.eu\/#\/schema\/logo\/image\/"},"sameAs":["https:\/\/www.facebook.com\/saildecor","https:\/\/www.instagram.com\/saildecorart\/"]}]}},"_links":{"self":[{"href":"https:\/\/saildecor.eu\/en\/wp-json\/wp\/v2\/product\/1785"}],"collection":[{"href":"https:\/\/saildecor.eu\/en\/wp-json\/wp\/v2\/product"}],"about":[{"href":"https:\/\/saildecor.eu\/en\/wp-json\/wp\/v2\/types\/product"}],"wp:featuredmedia":[{"embeddable":true,"href":"https:\/\/saildecor.eu\/en\/wp-json\/wp\/v2\/media\/1790"}],"wp:attachment":[{"href":"https:\/\/saildecor.eu\/en\/wp-json\/wp\/v2\/media?parent=1785"}],"wp:term":[{"taxonomy":"product_cat","embeddable":true,"href":"https:\/\/saildecor.eu\/en\/wp-json\/wp\/v2\/product_cat?post=1785"},{"taxonomy":"product_tag","embeddable":true,"href":"https:\/\/saildecor.eu\/en\/wp-json\/wp\/v2\/product_tag?post=1785"}],"curies":[{"name":"wp","href":"https:\/\/api.w.org\/{rel}","templated":true}]}}