{"id":1503,"date":"2021-10-21T20:12:27","date_gmt":"2021-10-21T18:12:27","guid":{"rendered":"https:\/\/saildecor.eu\/?post_type=product&#038;p=1503"},"modified":"2025-03-03T13:19:33","modified_gmt":"2025-03-03T12:19:33","slug":"bransoletka-skorzana-z-nierdzewna-szekla","status":"publish","type":"product","link":"https:\/\/saildecor.eu\/en\/sklep\/bransoletka-skorzana-z-nierdzewna-szekla\/","title":{"rendered":"Leather bracelet with a stainless shackle"},"content":{"rendered":"<p>Wyj\u0105tkowa i pi\u0119kna <strong>bransoletka sk\u00f3rzana z nierdzewn\u0105 szekl\u0105<\/strong>. Bransoletka na r\u0119ce prezentuje si\u0119 bardzo wyrazi\u015bcie, na pewno zostanie zauwa\u017cona i podkre\u015bli wyj\u0105tkowo\u015b\u0107 osoby, kt\u00f3ra j\u0105 nosi. Robi wra\u017cenie.\u00a0 .\u00a0 Wykonana z wysokiej jako\u015bci rzemienia sk\u00f3rzanego, jest wytrzyma\u0142a i b\u0119dzie cieszy\u0107 oko d\u0142ugi czas. Bransoletka wymy\u015blona i wykonana w naszej pracowni.<br \/>\nRemember to measure the circumference of your wrist close to the skin.<\/p>\n<p><strong>Leather bracelet with a stainless shackle<\/strong> is a handicraft product, not a machine, made to individual order, it is not a prefabricated product. Please consider your purchases carefully. Art 38 point 3 Act on consumer rights<span id=\"page3R_mcid2\" class=\"markedContent\"> <\/span><span id=\"page3R_mcid3\" class=\"markedContent\"><span dir=\"ltr\" role=\"presentation\">of 30 May 2014<\/span><\/span><\/p>\n<p>See also: <a href=\"https:\/\/saildecor.eu\/en\/product-category\/bizuteria-marynistyczne-bransoletki-kolczyki-wisiory\/\">Inn\u0105 bi\u017cuteri\u0119 marynistyczn\u0105 &#8211; bransoletki, kolczyki, wisiory<\/a><\/p>","protected":false},"excerpt":{"rendered":"<p>A combination of leather and stainless steel in a maritime climate. A unique sailing bracelet. A gift for a sailor. Bracelet with a shackle<\/p>","protected":false},"featured_media":1511,"template":"","meta":{"_monsterinsights_skip_tracking":false,"_monsterinsights_sitenote_active":false,"_monsterinsights_sitenote_note":"","_monsterinsights_sitenote_category":0},"product_cat":[175,172],"product_tag":[176,177,178,179,180,181,182],"yoast_head":"<!-- This site is optimized with the Yoast SEO plugin v21.1 - https:\/\/yoast.com\/wordpress\/plugins\/seo\/ -->\n<title>Bransoletka sk\u00f3rzana z nierdzewn\u0105 szekl\u0105 | SailDecor.eu<\/title>\n<meta name=\"description\" content=\"bransoletka sk\u00f3rzana z nierdzewn\u0105 szekl\u0105 to doskona\u0142y pomys\u0142 na prezent dla \u017ceglarza. Znajdziesz j\u0105 w sklepie SailDecor.eu\" \/>\n<meta name=\"robots\" content=\"index, follow, max-snippet:-1, max-image-preview:large, max-video-preview:-1\" \/>\n<link rel=\"canonical\" href=\"https:\/\/saildecor.eu\/en\/sklep\/bransoletka-skorzana-z-nierdzewna-szekla\/\" \/>\n<meta property=\"og:locale\" content=\"en_GB\" \/>\n<meta property=\"og:type\" content=\"article\" \/>\n<meta property=\"og:title\" content=\"Bransoletka sk\u00f3rzana z nierdzewn\u0105 szekl\u0105 | SailDecor.eu\" \/>\n<meta property=\"og:description\" content=\"bransoletka sk\u00f3rzana z nierdzewn\u0105 szekl\u0105 to doskona\u0142y pomys\u0142 na prezent dla \u017ceglarza. Znajdziesz j\u0105 w sklepie SailDecor.eu\" \/>\n<meta property=\"og:url\" content=\"https:\/\/saildecor.eu\/en\/sklep\/bransoletka-skorzana-z-nierdzewna-szekla\/\" \/>\n<meta property=\"article:publisher\" content=\"https:\/\/www.facebook.com\/saildecor\" \/>\n<meta property=\"article:modified_time\" content=\"2025-03-03T12:19:33+00:00\" \/>\n<meta property=\"og:image\" content=\"https:\/\/saildecor.eu\/wp-content\/uploads\/2021\/10\/IMG_20211021_104653283_HDR2.jpg\" \/>\n\t<meta property=\"og:image:width\" content=\"2290\" \/>\n\t<meta property=\"og:image:height\" content=\"2298\" \/>\n\t<meta property=\"og:image:type\" content=\"image\/jpeg\" \/>\n<meta name=\"twitter:card\" content=\"summary_large_image\" \/>\n<meta name=\"twitter:label1\" content=\"Estimated reading time\" \/>\n\t<meta name=\"twitter:data1\" content=\"1 minute\" \/>\n<script type=\"application\/ld+json\" class=\"yoast-schema-graph\">{\"@context\":\"https:\/\/schema.org\",\"@graph\":[{\"@type\":\"WebPage\",\"@id\":\"https:\/\/saildecor.eu\/sklep\/bransoletka-skorzana-z-nierdzewna-szekla\/\",\"url\":\"https:\/\/saildecor.eu\/sklep\/bransoletka-skorzana-z-nierdzewna-szekla\/\",\"name\":\"Bransoletka sk\u00f3rzana z nierdzewn\u0105 szekl\u0105 | SailDecor.eu\",\"isPartOf\":{\"@id\":\"https:\/\/saildecor.eu\/#website\"},\"datePublished\":\"2021-10-21T18:12:27+00:00\",\"dateModified\":\"2025-03-03T12:19:33+00:00\",\"description\":\"bransoletka sk\u00f3rzana z nierdzewn\u0105 szekl\u0105 to doskona\u0142y pomys\u0142 na prezent dla \u017ceglarza. Znajdziesz j\u0105 w sklepie SailDecor.eu\",\"breadcrumb\":{\"@id\":\"https:\/\/saildecor.eu\/sklep\/bransoletka-skorzana-z-nierdzewna-szekla\/#breadcrumb\"},\"inLanguage\":\"en-GB\",\"potentialAction\":[{\"@type\":\"ReadAction\",\"target\":[\"https:\/\/saildecor.eu\/sklep\/bransoletka-skorzana-z-nierdzewna-szekla\/\"]}]},{\"@type\":\"BreadcrumbList\",\"@id\":\"https:\/\/saildecor.eu\/sklep\/bransoletka-skorzana-z-nierdzewna-szekla\/#breadcrumb\",\"itemListElement\":[{\"@type\":\"ListItem\",\"position\":1,\"name\":\"Strona g\u0142\u00f3wna\",\"item\":\"https:\/\/saildecor.eu\/\"},{\"@type\":\"ListItem\",\"position\":2,\"name\":\"Sklep\",\"item\":\"https:\/\/saildecor.eu\/\"},{\"@type\":\"ListItem\",\"position\":3,\"name\":\"Bransoletka sk\u00f3rzana z nierdzewn\u0105 szekl\u0105\"}]},{\"@type\":\"WebSite\",\"@id\":\"https:\/\/saildecor.eu\/#website\",\"url\":\"https:\/\/saildecor.eu\/\",\"name\":\"\",\"description\":\"\",\"publisher\":{\"@id\":\"https:\/\/saildecor.eu\/#organization\"},\"potentialAction\":[{\"@type\":\"SearchAction\",\"target\":{\"@type\":\"EntryPoint\",\"urlTemplate\":\"https:\/\/saildecor.eu\/?s={search_term_string}\"},\"query-input\":\"required name=search_term_string\"}],\"inLanguage\":\"en-GB\"},{\"@type\":\"Organization\",\"@id\":\"https:\/\/saildecor.eu\/#organization\",\"name\":\"Saildecor\",\"url\":\"https:\/\/saildecor.eu\/\",\"logo\":{\"@type\":\"ImageObject\",\"inLanguage\":\"en-GB\",\"@id\":\"https:\/\/saildecor.eu\/#\/schema\/logo\/image\/\",\"url\":\"https:\/\/saildecor.eu\/wp-content\/uploads\/2021\/03\/Saildecor-_small.jpg\",\"contentUrl\":\"https:\/\/saildecor.eu\/wp-content\/uploads\/2021\/03\/Saildecor-_small.jpg\",\"width\":600,\"height\":484,\"caption\":\"Saildecor\"},\"image\":{\"@id\":\"https:\/\/saildecor.eu\/#\/schema\/logo\/image\/\"},\"sameAs\":[\"https:\/\/www.facebook.com\/saildecor\",\"https:\/\/www.instagram.com\/saildecorart\/\"]}]}<\/script>\n<!-- \/ Yoast SEO plugin. -->","yoast_head_json":{"title":"Bransoletka sk\u00f3rzana z nierdzewn\u0105 szekl\u0105 | SailDecor.eu","description":"bransoletka sk\u00f3rzana z nierdzewn\u0105 szekl\u0105 to doskona\u0142y pomys\u0142 na prezent dla \u017ceglarza. Znajdziesz j\u0105 w sklepie SailDecor.eu","robots":{"index":"index","follow":"follow","max-snippet":"max-snippet:-1","max-image-preview":"max-image-preview:large","max-video-preview":"max-video-preview:-1"},"canonical":"https:\/\/saildecor.eu\/en\/sklep\/bransoletka-skorzana-z-nierdzewna-szekla\/","og_locale":"en_GB","og_type":"article","og_title":"Bransoletka sk\u00f3rzana z nierdzewn\u0105 szekl\u0105 | SailDecor.eu","og_description":"bransoletka sk\u00f3rzana z nierdzewn\u0105 szekl\u0105 to doskona\u0142y pomys\u0142 na prezent dla \u017ceglarza. Znajdziesz j\u0105 w sklepie SailDecor.eu","og_url":"https:\/\/saildecor.eu\/en\/sklep\/bransoletka-skorzana-z-nierdzewna-szekla\/","article_publisher":"https:\/\/www.facebook.com\/saildecor","article_modified_time":"2025-03-03T12:19:33+00:00","og_image":[{"width":2290,"height":2298,"url":"https:\/\/saildecor.eu\/wp-content\/uploads\/2021\/10\/IMG_20211021_104653283_HDR2.jpg","type":"image\/jpeg"}],"twitter_card":"summary_large_image","twitter_misc":{"Estimated reading time":"1 minute"},"schema":{"@context":"https:\/\/schema.org","@graph":[{"@type":"WebPage","@id":"https:\/\/saildecor.eu\/sklep\/bransoletka-skorzana-z-nierdzewna-szekla\/","url":"https:\/\/saildecor.eu\/sklep\/bransoletka-skorzana-z-nierdzewna-szekla\/","name":"Bransoletka sk\u00f3rzana z nierdzewn\u0105 szekl\u0105 | SailDecor.eu","isPartOf":{"@id":"https:\/\/saildecor.eu\/#website"},"datePublished":"2021-10-21T18:12:27+00:00","dateModified":"2025-03-03T12:19:33+00:00","description":"bransoletka sk\u00f3rzana z nierdzewn\u0105 szekl\u0105 to doskona\u0142y pomys\u0142 na prezent dla \u017ceglarza. Znajdziesz j\u0105 w sklepie SailDecor.eu","breadcrumb":{"@id":"https:\/\/saildecor.eu\/sklep\/bransoletka-skorzana-z-nierdzewna-szekla\/#breadcrumb"},"inLanguage":"en-GB","potentialAction":[{"@type":"ReadAction","target":["https:\/\/saildecor.eu\/sklep\/bransoletka-skorzana-z-nierdzewna-szekla\/"]}]},{"@type":"BreadcrumbList","@id":"https:\/\/saildecor.eu\/sklep\/bransoletka-skorzana-z-nierdzewna-szekla\/#breadcrumb","itemListElement":[{"@type":"ListItem","position":1,"name":"Strona g\u0142\u00f3wna","item":"https:\/\/saildecor.eu\/"},{"@type":"ListItem","position":2,"name":"Sklep","item":"https:\/\/saildecor.eu\/"},{"@type":"ListItem","position":3,"name":"Bransoletka sk\u00f3rzana z nierdzewn\u0105 szekl\u0105"}]},{"@type":"WebSite","@id":"https:\/\/saildecor.eu\/#website","url":"https:\/\/saildecor.eu\/","name":"","description":"","publisher":{"@id":"https:\/\/saildecor.eu\/#organization"},"potentialAction":[{"@type":"SearchAction","target":{"@type":"EntryPoint","urlTemplate":"https:\/\/saildecor.eu\/?s={search_term_string}"},"query-input":"required name=search_term_string"}],"inLanguage":"en-GB"},{"@type":"Organization","@id":"https:\/\/saildecor.eu\/#organization","name":"Saildecor","url":"https:\/\/saildecor.eu\/","logo":{"@type":"ImageObject","inLanguage":"en-GB","@id":"https:\/\/saildecor.eu\/#\/schema\/logo\/image\/","url":"https:\/\/saildecor.eu\/wp-content\/uploads\/2021\/03\/Saildecor-_small.jpg","contentUrl":"https:\/\/saildecor.eu\/wp-content\/uploads\/2021\/03\/Saildecor-_small.jpg","width":600,"height":484,"caption":"Saildecor"},"image":{"@id":"https:\/\/saildecor.eu\/#\/schema\/logo\/image\/"},"sameAs":["https:\/\/www.facebook.com\/saildecor","https:\/\/www.instagram.com\/saildecorart\/"]}]}},"_links":{"self":[{"href":"https:\/\/saildecor.eu\/en\/wp-json\/wp\/v2\/product\/1503"}],"collection":[{"href":"https:\/\/saildecor.eu\/en\/wp-json\/wp\/v2\/product"}],"about":[{"href":"https:\/\/saildecor.eu\/en\/wp-json\/wp\/v2\/types\/product"}],"wp:featuredmedia":[{"embeddable":true,"href":"https:\/\/saildecor.eu\/en\/wp-json\/wp\/v2\/media\/1511"}],"wp:attachment":[{"href":"https:\/\/saildecor.eu\/en\/wp-json\/wp\/v2\/media?parent=1503"}],"wp:term":[{"taxonomy":"product_cat","embeddable":true,"href":"https:\/\/saildecor.eu\/en\/wp-json\/wp\/v2\/product_cat?post=1503"},{"taxonomy":"product_tag","embeddable":true,"href":"https:\/\/saildecor.eu\/en\/wp-json\/wp\/v2\/product_tag?post=1503"}],"curies":[{"name":"wp","href":"https:\/\/api.w.org\/{rel}","templated":true}]}}