{"id":1497,"date":"2021-10-21T20:09:36","date_gmt":"2021-10-21T18:09:36","guid":{"rendered":"https:\/\/saildecor.eu\/?post_type=product&#038;p=1497"},"modified":"2025-08-19T10:44:45","modified_gmt":"2025-08-19T08:44:45","slug":"bransoletka-skorzana-z-duza-nierdzewna-kotwica-2","status":"publish","type":"product","link":"https:\/\/saildecor.eu\/en\/sklep\/bransoletka-skorzana-z-duza-nierdzewna-kotwica-2\/","title":{"rendered":"Leather bracelet with a large stainless steel anchor"},"content":{"rendered":"<p><strong>Wyj\u0105tkowa i pi\u0119kna bransoletka ze sk\u00f3ry naturalnej po\u0142\u0105czona z nierdzewn\u0105 kotwic\u0105<\/strong>. Bransoletka na r\u0119ce prezentuje si\u0119 bardzo wyrazi\u015bcie, na pewno zostanie zauwa\u017cona i podkre\u015bli wyj\u0105tkowo\u015b\u0107 osoby, kt\u00f3ra j\u0105 nosi. Robi wra\u017cenie. Bardzo dobrze wygl\u0105da na du\u017cej r\u0119ce. Wykonana z wysokiej jako\u015bci rzemienia sk\u00f3rzanego, jest wytrzyma\u0142a i b\u0119dzie cieszy\u0107 oko d\u0142ugi czas. Bransoletka wymy\u015blona i wykonana w naszej pracowni.<br \/>\nRemember to measure the circumference of your wrist close to the skin.<\/p>\n<p>Bransoletka jest produktem r\u0119kodzielniczym, nie maszynowym, wykonywanym na indywidualne zam\u00f3wienie, nie jest produktem prefabrykowanym,. Prosimy o przemy\u015blane zakupy. Art 38 pkt3 Ustawa o prawach konsument<span id=\"page3R_mcid2\" class=\"markedContent\"> <\/span><span id=\"page3R_mcid3\" class=\"markedContent\"><span dir=\"ltr\" role=\"presentation\">of 30 May 2014<\/span><\/span><\/p>","protected":false},"excerpt":{"rendered":"<p>A combination of leather and stainless steel in a maritime climate.<\/p>","protected":false},"featured_media":736,"template":"","meta":{"_monsterinsights_skip_tracking":false,"_monsterinsights_sitenote_active":false,"_monsterinsights_sitenote_note":"","_monsterinsights_sitenote_category":0},"product_cat":[175,172],"product_tag":[176,177,178,179,180,181,182],"yoast_head":"<!-- This site is optimized with the Yoast SEO plugin v21.1 - https:\/\/yoast.com\/wordpress\/plugins\/seo\/ -->\n<title>Bransoletka sk\u00f3rzana z du\u017c\u0105 nierdzewn\u0105 kotwic\u0105 -<\/title>\n<meta name=\"description\" content=\"Wyj\u0105tkowa i pi\u0119kna bransoletka ze sk\u00f3ry naturalnej po\u0142\u0105czona z nierdzewn\u0105 kotwic\u0105. Bardzo dobrze wygl\u0105da na du\u017cej r\u0119ce. Wykonana z mocnego rzemienia\" \/>\n<meta name=\"robots\" content=\"index, follow, max-snippet:-1, max-image-preview:large, max-video-preview:-1\" \/>\n<link rel=\"canonical\" href=\"https:\/\/saildecor.eu\/en\/sklep\/bransoletka-skorzana-z-duza-nierdzewna-kotwica-2\/\" \/>\n<meta property=\"og:locale\" content=\"en_GB\" \/>\n<meta property=\"og:type\" content=\"article\" \/>\n<meta property=\"og:title\" content=\"Bransoletka sk\u00f3rzana z du\u017c\u0105 nierdzewn\u0105 kotwic\u0105 -\" \/>\n<meta property=\"og:description\" content=\"Wyj\u0105tkowa i pi\u0119kna bransoletka ze sk\u00f3ry naturalnej po\u0142\u0105czona z nierdzewn\u0105 kotwic\u0105. Bardzo dobrze wygl\u0105da na du\u017cej r\u0119ce. Wykonana z mocnego rzemienia\" \/>\n<meta property=\"og:url\" content=\"https:\/\/saildecor.eu\/en\/sklep\/bransoletka-skorzana-z-duza-nierdzewna-kotwica-2\/\" \/>\n<meta property=\"article:publisher\" content=\"https:\/\/www.facebook.com\/saildecor\" \/>\n<meta property=\"article:modified_time\" content=\"2025-08-19T08:44:45+00:00\" \/>\n<meta property=\"og:image\" content=\"https:\/\/saildecor.eu\/wp-content\/uploads\/2020\/09\/IMG_20200323_095155088-popr.jpg\" \/>\n\t<meta property=\"og:image:width\" content=\"1190\" \/>\n\t<meta property=\"og:image:height\" content=\"906\" \/>\n\t<meta property=\"og:image:type\" content=\"image\/jpeg\" \/>\n<meta name=\"twitter:card\" content=\"summary_large_image\" \/>\n<meta name=\"twitter:label1\" content=\"Estimated reading time\" \/>\n\t<meta name=\"twitter:data1\" content=\"1 minute\" \/>\n<script type=\"application\/ld+json\" class=\"yoast-schema-graph\">{\"@context\":\"https:\/\/schema.org\",\"@graph\":[{\"@type\":\"WebPage\",\"@id\":\"https:\/\/saildecor.eu\/sklep\/bransoletka-skorzana-z-duza-nierdzewna-kotwica-2\/\",\"url\":\"https:\/\/saildecor.eu\/sklep\/bransoletka-skorzana-z-duza-nierdzewna-kotwica-2\/\",\"name\":\"Bransoletka sk\u00f3rzana z du\u017c\u0105 nierdzewn\u0105 kotwic\u0105 -\",\"isPartOf\":{\"@id\":\"https:\/\/saildecor.eu\/#website\"},\"datePublished\":\"2021-10-21T18:09:36+00:00\",\"dateModified\":\"2025-08-19T08:44:45+00:00\",\"description\":\"Wyj\u0105tkowa i pi\u0119kna bransoletka ze sk\u00f3ry naturalnej po\u0142\u0105czona z nierdzewn\u0105 kotwic\u0105. Bardzo dobrze wygl\u0105da na du\u017cej r\u0119ce. Wykonana z mocnego rzemienia\",\"breadcrumb\":{\"@id\":\"https:\/\/saildecor.eu\/sklep\/bransoletka-skorzana-z-duza-nierdzewna-kotwica-2\/#breadcrumb\"},\"inLanguage\":\"en-GB\",\"potentialAction\":[{\"@type\":\"ReadAction\",\"target\":[\"https:\/\/saildecor.eu\/sklep\/bransoletka-skorzana-z-duza-nierdzewna-kotwica-2\/\"]}]},{\"@type\":\"BreadcrumbList\",\"@id\":\"https:\/\/saildecor.eu\/sklep\/bransoletka-skorzana-z-duza-nierdzewna-kotwica-2\/#breadcrumb\",\"itemListElement\":[{\"@type\":\"ListItem\",\"position\":1,\"name\":\"Strona g\u0142\u00f3wna\",\"item\":\"https:\/\/saildecor.eu\/\"},{\"@type\":\"ListItem\",\"position\":2,\"name\":\"Sklep\",\"item\":\"https:\/\/saildecor.eu\/\"},{\"@type\":\"ListItem\",\"position\":3,\"name\":\"Bransoletka sk\u00f3rzana z du\u017c\u0105 nierdzewn\u0105 kotwic\u0105\"}]},{\"@type\":\"WebSite\",\"@id\":\"https:\/\/saildecor.eu\/#website\",\"url\":\"https:\/\/saildecor.eu\/\",\"name\":\"\",\"description\":\"\",\"publisher\":{\"@id\":\"https:\/\/saildecor.eu\/#organization\"},\"potentialAction\":[{\"@type\":\"SearchAction\",\"target\":{\"@type\":\"EntryPoint\",\"urlTemplate\":\"https:\/\/saildecor.eu\/?s={search_term_string}\"},\"query-input\":\"required name=search_term_string\"}],\"inLanguage\":\"en-GB\"},{\"@type\":\"Organization\",\"@id\":\"https:\/\/saildecor.eu\/#organization\",\"name\":\"Saildecor\",\"url\":\"https:\/\/saildecor.eu\/\",\"logo\":{\"@type\":\"ImageObject\",\"inLanguage\":\"en-GB\",\"@id\":\"https:\/\/saildecor.eu\/#\/schema\/logo\/image\/\",\"url\":\"https:\/\/saildecor.eu\/wp-content\/uploads\/2021\/03\/Saildecor-_small.jpg\",\"contentUrl\":\"https:\/\/saildecor.eu\/wp-content\/uploads\/2021\/03\/Saildecor-_small.jpg\",\"width\":600,\"height\":484,\"caption\":\"Saildecor\"},\"image\":{\"@id\":\"https:\/\/saildecor.eu\/#\/schema\/logo\/image\/\"},\"sameAs\":[\"https:\/\/www.facebook.com\/saildecor\",\"https:\/\/www.instagram.com\/saildecorart\/\"]}]}<\/script>\n<!-- \/ Yoast SEO plugin. -->","yoast_head_json":{"title":"Bransoletka sk\u00f3rzana z du\u017c\u0105 nierdzewn\u0105 kotwic\u0105 -","description":"Wyj\u0105tkowa i pi\u0119kna bransoletka ze sk\u00f3ry naturalnej po\u0142\u0105czona z nierdzewn\u0105 kotwic\u0105. Bardzo dobrze wygl\u0105da na du\u017cej r\u0119ce. Wykonana z mocnego rzemienia","robots":{"index":"index","follow":"follow","max-snippet":"max-snippet:-1","max-image-preview":"max-image-preview:large","max-video-preview":"max-video-preview:-1"},"canonical":"https:\/\/saildecor.eu\/en\/sklep\/bransoletka-skorzana-z-duza-nierdzewna-kotwica-2\/","og_locale":"en_GB","og_type":"article","og_title":"Bransoletka sk\u00f3rzana z du\u017c\u0105 nierdzewn\u0105 kotwic\u0105 -","og_description":"Wyj\u0105tkowa i pi\u0119kna bransoletka ze sk\u00f3ry naturalnej po\u0142\u0105czona z nierdzewn\u0105 kotwic\u0105. Bardzo dobrze wygl\u0105da na du\u017cej r\u0119ce. Wykonana z mocnego rzemienia","og_url":"https:\/\/saildecor.eu\/en\/sklep\/bransoletka-skorzana-z-duza-nierdzewna-kotwica-2\/","article_publisher":"https:\/\/www.facebook.com\/saildecor","article_modified_time":"2025-08-19T08:44:45+00:00","og_image":[{"width":1190,"height":906,"url":"https:\/\/saildecor.eu\/wp-content\/uploads\/2020\/09\/IMG_20200323_095155088-popr.jpg","type":"image\/jpeg"}],"twitter_card":"summary_large_image","twitter_misc":{"Estimated reading time":"1 minute"},"schema":{"@context":"https:\/\/schema.org","@graph":[{"@type":"WebPage","@id":"https:\/\/saildecor.eu\/sklep\/bransoletka-skorzana-z-duza-nierdzewna-kotwica-2\/","url":"https:\/\/saildecor.eu\/sklep\/bransoletka-skorzana-z-duza-nierdzewna-kotwica-2\/","name":"Bransoletka sk\u00f3rzana z du\u017c\u0105 nierdzewn\u0105 kotwic\u0105 -","isPartOf":{"@id":"https:\/\/saildecor.eu\/#website"},"datePublished":"2021-10-21T18:09:36+00:00","dateModified":"2025-08-19T08:44:45+00:00","description":"Wyj\u0105tkowa i pi\u0119kna bransoletka ze sk\u00f3ry naturalnej po\u0142\u0105czona z nierdzewn\u0105 kotwic\u0105. Bardzo dobrze wygl\u0105da na du\u017cej r\u0119ce. Wykonana z mocnego rzemienia","breadcrumb":{"@id":"https:\/\/saildecor.eu\/sklep\/bransoletka-skorzana-z-duza-nierdzewna-kotwica-2\/#breadcrumb"},"inLanguage":"en-GB","potentialAction":[{"@type":"ReadAction","target":["https:\/\/saildecor.eu\/sklep\/bransoletka-skorzana-z-duza-nierdzewna-kotwica-2\/"]}]},{"@type":"BreadcrumbList","@id":"https:\/\/saildecor.eu\/sklep\/bransoletka-skorzana-z-duza-nierdzewna-kotwica-2\/#breadcrumb","itemListElement":[{"@type":"ListItem","position":1,"name":"Strona g\u0142\u00f3wna","item":"https:\/\/saildecor.eu\/"},{"@type":"ListItem","position":2,"name":"Sklep","item":"https:\/\/saildecor.eu\/"},{"@type":"ListItem","position":3,"name":"Bransoletka sk\u00f3rzana z du\u017c\u0105 nierdzewn\u0105 kotwic\u0105"}]},{"@type":"WebSite","@id":"https:\/\/saildecor.eu\/#website","url":"https:\/\/saildecor.eu\/","name":"","description":"","publisher":{"@id":"https:\/\/saildecor.eu\/#organization"},"potentialAction":[{"@type":"SearchAction","target":{"@type":"EntryPoint","urlTemplate":"https:\/\/saildecor.eu\/?s={search_term_string}"},"query-input":"required name=search_term_string"}],"inLanguage":"en-GB"},{"@type":"Organization","@id":"https:\/\/saildecor.eu\/#organization","name":"Saildecor","url":"https:\/\/saildecor.eu\/","logo":{"@type":"ImageObject","inLanguage":"en-GB","@id":"https:\/\/saildecor.eu\/#\/schema\/logo\/image\/","url":"https:\/\/saildecor.eu\/wp-content\/uploads\/2021\/03\/Saildecor-_small.jpg","contentUrl":"https:\/\/saildecor.eu\/wp-content\/uploads\/2021\/03\/Saildecor-_small.jpg","width":600,"height":484,"caption":"Saildecor"},"image":{"@id":"https:\/\/saildecor.eu\/#\/schema\/logo\/image\/"},"sameAs":["https:\/\/www.facebook.com\/saildecor","https:\/\/www.instagram.com\/saildecorart\/"]}]}},"_links":{"self":[{"href":"https:\/\/saildecor.eu\/en\/wp-json\/wp\/v2\/product\/1497"}],"collection":[{"href":"https:\/\/saildecor.eu\/en\/wp-json\/wp\/v2\/product"}],"about":[{"href":"https:\/\/saildecor.eu\/en\/wp-json\/wp\/v2\/types\/product"}],"wp:featuredmedia":[{"embeddable":true,"href":"https:\/\/saildecor.eu\/en\/wp-json\/wp\/v2\/media\/736"}],"wp:attachment":[{"href":"https:\/\/saildecor.eu\/en\/wp-json\/wp\/v2\/media?parent=1497"}],"wp:term":[{"taxonomy":"product_cat","embeddable":true,"href":"https:\/\/saildecor.eu\/en\/wp-json\/wp\/v2\/product_cat?post=1497"},{"taxonomy":"product_tag","embeddable":true,"href":"https:\/\/saildecor.eu\/en\/wp-json\/wp\/v2\/product_tag?post=1497"}],"curies":[{"name":"wp","href":"https:\/\/api.w.org\/{rel}","templated":true}]}}