{"id":1419,"date":"2021-09-28T14:08:10","date_gmt":"2021-09-28T12:08:10","guid":{"rendered":"https:\/\/saildecor.eu\/?post_type=product&#038;p=1419"},"modified":"2025-09-02T14:01:09","modified_gmt":"2025-09-02T12:01:09","slug":"zaglowiec-kapitan-borchardt-stal-nierdzewna-wariacja-artystyczna","status":"publish","type":"product","link":"https:\/\/saildecor.eu\/en\/sklep\/zaglowiec-kapitan-borchardt-stal-nierdzewna-wariacja-artystyczna\/","title":{"rendered":"Sailing ship Kapitan Borchardt, stainless steel, artistic variation"},"content":{"rendered":"<p><strong>Stainless steel figure sailing ship<\/strong>. Made in imitation of the beautiful sailing ship Kapitan Borchardt. A beautiful decoration evoking memories and inspiring dreams. Extremely original. The sailing ship, from concept to completion, was built in our marine studio. It is made of stainless steel in combination with a fire-fired tree.<br \/>\nSailing ship dimensions: length 49 cm, height 26 cm<\/p>\n<p>Product available on request<\/p>\n<p>The sailing ship is made to order, it is not a prefabricated product, please think carefully. Art 38 point 3 Act on consumer rights<span id=\"page3R_mcid2\" class=\"markedContent\"> <\/span><span id=\"page3R_mcid3\" class=\"markedContent\"><span dir=\"ltr\" role=\"presentation\">of 30 May 2014<\/span> <\/span><span id=\"page3R_mcid4\" class=\"markedContent\"><\/span><\/p>\n<p>1TP4Sailing ship<\/p>\n<p># Marine decorations<\/p>\n<p>#sailship<\/p>\n<p>1TP4Steel sailing ship<\/p>\n<p># sailing ship sculpture<\/p>\n<p>Watch also <a href=\"https:\/\/saildecor.eu\/en\/product-category\/dekoracje-morskie-marynistyczne\/dekoracje-ze-stali\/\">Our other sailing ships and decorations are made of steel<\/a><\/p>","protected":false},"excerpt":{"rendered":"<p>A sailing ship made of steel Kapitan Borchartd, artistic variation, sculpture modeled on a Polish sailing ship. Marine decoration<\/p>","protected":false},"featured_media":1420,"template":"","meta":{"_monsterinsights_skip_tracking":false,"_monsterinsights_sitenote_active":false,"_monsterinsights_sitenote_note":"","_monsterinsights_sitenote_category":0},"product_cat":[70,321,54],"product_tag":[79,81,86,89,151,235,247,305,351,352,353,354,484,485],"yoast_head":"<!-- This site is optimized with the Yoast SEO plugin v21.1 - https:\/\/yoast.com\/wordpress\/plugins\/seo\/ -->\n<title>\u017baglowiec Kapitan Borchardt, stal nierdzewna, wariacja artystyczna -<\/title>\n<meta name=\"description\" content=\"\u017baglowiec ze stali nierdzewnej figura. Wykonany na wz\u00f3r przepi\u0119knego \u017caglowca Kapitan Borchardt. Pi\u0119kna ozdoba i inspiruj\u0105ca marzenia.\" \/>\n<meta name=\"robots\" content=\"index, follow, max-snippet:-1, max-image-preview:large, max-video-preview:-1\" \/>\n<link rel=\"canonical\" href=\"https:\/\/saildecor.eu\/en\/sklep\/zaglowiec-kapitan-borchardt-stal-nierdzewna-wariacja-artystyczna\/\" \/>\n<meta property=\"og:locale\" content=\"en_GB\" \/>\n<meta property=\"og:type\" content=\"article\" \/>\n<meta property=\"og:title\" content=\"\u017baglowiec Kapitan Borchardt, stal nierdzewna, wariacja artystyczna -\" \/>\n<meta property=\"og:description\" content=\"\u017baglowiec ze stali nierdzewnej figura. Wykonany na wz\u00f3r przepi\u0119knego \u017caglowca Kapitan Borchardt. Pi\u0119kna ozdoba i inspiruj\u0105ca marzenia.\" \/>\n<meta property=\"og:url\" content=\"https:\/\/saildecor.eu\/en\/sklep\/zaglowiec-kapitan-borchardt-stal-nierdzewna-wariacja-artystyczna\/\" \/>\n<meta property=\"article:publisher\" content=\"https:\/\/www.facebook.com\/saildecor\" \/>\n<meta property=\"article:modified_time\" content=\"2025-09-02T12:01:09+00:00\" \/>\n<meta property=\"og:image\" content=\"https:\/\/saildecor.eu\/wp-content\/uploads\/2021\/09\/IMG_20210928_125410284-01-scaled.jpeg\" \/>\n\t<meta property=\"og:image:width\" content=\"2560\" \/>\n\t<meta property=\"og:image:height\" content=\"1724\" \/>\n\t<meta property=\"og:image:type\" content=\"image\/jpeg\" \/>\n<meta name=\"twitter:card\" content=\"summary_large_image\" \/>\n<meta name=\"twitter:label1\" content=\"Estimated reading time\" \/>\n\t<meta name=\"twitter:data1\" content=\"1 minute\" \/>\n<script type=\"application\/ld+json\" class=\"yoast-schema-graph\">{\"@context\":\"https:\/\/schema.org\",\"@graph\":[{\"@type\":\"WebPage\",\"@id\":\"https:\/\/saildecor.eu\/sklep\/zaglowiec-kapitan-borchardt-stal-nierdzewna-wariacja-artystyczna\/\",\"url\":\"https:\/\/saildecor.eu\/sklep\/zaglowiec-kapitan-borchardt-stal-nierdzewna-wariacja-artystyczna\/\",\"name\":\"\u017baglowiec Kapitan Borchardt, stal nierdzewna, wariacja artystyczna -\",\"isPartOf\":{\"@id\":\"https:\/\/saildecor.eu\/#website\"},\"datePublished\":\"2021-09-28T12:08:10+00:00\",\"dateModified\":\"2025-09-02T12:01:09+00:00\",\"description\":\"\u017baglowiec ze stali nierdzewnej figura. Wykonany na wz\u00f3r przepi\u0119knego \u017caglowca Kapitan Borchardt. Pi\u0119kna ozdoba i inspiruj\u0105ca marzenia.\",\"breadcrumb\":{\"@id\":\"https:\/\/saildecor.eu\/sklep\/zaglowiec-kapitan-borchardt-stal-nierdzewna-wariacja-artystyczna\/#breadcrumb\"},\"inLanguage\":\"en-GB\",\"potentialAction\":[{\"@type\":\"ReadAction\",\"target\":[\"https:\/\/saildecor.eu\/sklep\/zaglowiec-kapitan-borchardt-stal-nierdzewna-wariacja-artystyczna\/\"]}]},{\"@type\":\"BreadcrumbList\",\"@id\":\"https:\/\/saildecor.eu\/sklep\/zaglowiec-kapitan-borchardt-stal-nierdzewna-wariacja-artystyczna\/#breadcrumb\",\"itemListElement\":[{\"@type\":\"ListItem\",\"position\":1,\"name\":\"Strona g\u0142\u00f3wna\",\"item\":\"https:\/\/saildecor.eu\/\"},{\"@type\":\"ListItem\",\"position\":2,\"name\":\"Sklep\",\"item\":\"https:\/\/saildecor.eu\/\"},{\"@type\":\"ListItem\",\"position\":3,\"name\":\"\u017baglowiec Kapitan Borchardt, stal nierdzewna, wariacja artystyczna\"}]},{\"@type\":\"WebSite\",\"@id\":\"https:\/\/saildecor.eu\/#website\",\"url\":\"https:\/\/saildecor.eu\/\",\"name\":\"\",\"description\":\"\",\"publisher\":{\"@id\":\"https:\/\/saildecor.eu\/#organization\"},\"potentialAction\":[{\"@type\":\"SearchAction\",\"target\":{\"@type\":\"EntryPoint\",\"urlTemplate\":\"https:\/\/saildecor.eu\/?s={search_term_string}\"},\"query-input\":\"required name=search_term_string\"}],\"inLanguage\":\"en-GB\"},{\"@type\":\"Organization\",\"@id\":\"https:\/\/saildecor.eu\/#organization\",\"name\":\"Saildecor\",\"url\":\"https:\/\/saildecor.eu\/\",\"logo\":{\"@type\":\"ImageObject\",\"inLanguage\":\"en-GB\",\"@id\":\"https:\/\/saildecor.eu\/#\/schema\/logo\/image\/\",\"url\":\"https:\/\/saildecor.eu\/wp-content\/uploads\/2021\/03\/Saildecor-_small.jpg\",\"contentUrl\":\"https:\/\/saildecor.eu\/wp-content\/uploads\/2021\/03\/Saildecor-_small.jpg\",\"width\":600,\"height\":484,\"caption\":\"Saildecor\"},\"image\":{\"@id\":\"https:\/\/saildecor.eu\/#\/schema\/logo\/image\/\"},\"sameAs\":[\"https:\/\/www.facebook.com\/saildecor\",\"https:\/\/www.instagram.com\/saildecorart\/\"]}]}<\/script>\n<!-- \/ Yoast SEO plugin. -->","yoast_head_json":{"title":"\u017baglowiec Kapitan Borchardt, stal nierdzewna, wariacja artystyczna -","description":"\u017baglowiec ze stali nierdzewnej figura. Wykonany na wz\u00f3r przepi\u0119knego \u017caglowca Kapitan Borchardt. Pi\u0119kna ozdoba i inspiruj\u0105ca marzenia.","robots":{"index":"index","follow":"follow","max-snippet":"max-snippet:-1","max-image-preview":"max-image-preview:large","max-video-preview":"max-video-preview:-1"},"canonical":"https:\/\/saildecor.eu\/en\/sklep\/zaglowiec-kapitan-borchardt-stal-nierdzewna-wariacja-artystyczna\/","og_locale":"en_GB","og_type":"article","og_title":"\u017baglowiec Kapitan Borchardt, stal nierdzewna, wariacja artystyczna -","og_description":"\u017baglowiec ze stali nierdzewnej figura. Wykonany na wz\u00f3r przepi\u0119knego \u017caglowca Kapitan Borchardt. Pi\u0119kna ozdoba i inspiruj\u0105ca marzenia.","og_url":"https:\/\/saildecor.eu\/en\/sklep\/zaglowiec-kapitan-borchardt-stal-nierdzewna-wariacja-artystyczna\/","article_publisher":"https:\/\/www.facebook.com\/saildecor","article_modified_time":"2025-09-02T12:01:09+00:00","og_image":[{"width":2560,"height":1724,"url":"https:\/\/saildecor.eu\/wp-content\/uploads\/2021\/09\/IMG_20210928_125410284-01-scaled.jpeg","type":"image\/jpeg"}],"twitter_card":"summary_large_image","twitter_misc":{"Estimated reading time":"1 minute"},"schema":{"@context":"https:\/\/schema.org","@graph":[{"@type":"WebPage","@id":"https:\/\/saildecor.eu\/sklep\/zaglowiec-kapitan-borchardt-stal-nierdzewna-wariacja-artystyczna\/","url":"https:\/\/saildecor.eu\/sklep\/zaglowiec-kapitan-borchardt-stal-nierdzewna-wariacja-artystyczna\/","name":"\u017baglowiec Kapitan Borchardt, stal nierdzewna, wariacja artystyczna -","isPartOf":{"@id":"https:\/\/saildecor.eu\/#website"},"datePublished":"2021-09-28T12:08:10+00:00","dateModified":"2025-09-02T12:01:09+00:00","description":"\u017baglowiec ze stali nierdzewnej figura. Wykonany na wz\u00f3r przepi\u0119knego \u017caglowca Kapitan Borchardt. Pi\u0119kna ozdoba i inspiruj\u0105ca marzenia.","breadcrumb":{"@id":"https:\/\/saildecor.eu\/sklep\/zaglowiec-kapitan-borchardt-stal-nierdzewna-wariacja-artystyczna\/#breadcrumb"},"inLanguage":"en-GB","potentialAction":[{"@type":"ReadAction","target":["https:\/\/saildecor.eu\/sklep\/zaglowiec-kapitan-borchardt-stal-nierdzewna-wariacja-artystyczna\/"]}]},{"@type":"BreadcrumbList","@id":"https:\/\/saildecor.eu\/sklep\/zaglowiec-kapitan-borchardt-stal-nierdzewna-wariacja-artystyczna\/#breadcrumb","itemListElement":[{"@type":"ListItem","position":1,"name":"Strona g\u0142\u00f3wna","item":"https:\/\/saildecor.eu\/"},{"@type":"ListItem","position":2,"name":"Sklep","item":"https:\/\/saildecor.eu\/"},{"@type":"ListItem","position":3,"name":"\u017baglowiec Kapitan Borchardt, stal nierdzewna, wariacja artystyczna"}]},{"@type":"WebSite","@id":"https:\/\/saildecor.eu\/#website","url":"https:\/\/saildecor.eu\/","name":"","description":"","publisher":{"@id":"https:\/\/saildecor.eu\/#organization"},"potentialAction":[{"@type":"SearchAction","target":{"@type":"EntryPoint","urlTemplate":"https:\/\/saildecor.eu\/?s={search_term_string}"},"query-input":"required name=search_term_string"}],"inLanguage":"en-GB"},{"@type":"Organization","@id":"https:\/\/saildecor.eu\/#organization","name":"Saildecor","url":"https:\/\/saildecor.eu\/","logo":{"@type":"ImageObject","inLanguage":"en-GB","@id":"https:\/\/saildecor.eu\/#\/schema\/logo\/image\/","url":"https:\/\/saildecor.eu\/wp-content\/uploads\/2021\/03\/Saildecor-_small.jpg","contentUrl":"https:\/\/saildecor.eu\/wp-content\/uploads\/2021\/03\/Saildecor-_small.jpg","width":600,"height":484,"caption":"Saildecor"},"image":{"@id":"https:\/\/saildecor.eu\/#\/schema\/logo\/image\/"},"sameAs":["https:\/\/www.facebook.com\/saildecor","https:\/\/www.instagram.com\/saildecorart\/"]}]}},"_links":{"self":[{"href":"https:\/\/saildecor.eu\/en\/wp-json\/wp\/v2\/product\/1419"}],"collection":[{"href":"https:\/\/saildecor.eu\/en\/wp-json\/wp\/v2\/product"}],"about":[{"href":"https:\/\/saildecor.eu\/en\/wp-json\/wp\/v2\/types\/product"}],"wp:featuredmedia":[{"embeddable":true,"href":"https:\/\/saildecor.eu\/en\/wp-json\/wp\/v2\/media\/1420"}],"wp:attachment":[{"href":"https:\/\/saildecor.eu\/en\/wp-json\/wp\/v2\/media?parent=1419"}],"wp:term":[{"taxonomy":"product_cat","embeddable":true,"href":"https:\/\/saildecor.eu\/en\/wp-json\/wp\/v2\/product_cat?post=1419"},{"taxonomy":"product_tag","embeddable":true,"href":"https:\/\/saildecor.eu\/en\/wp-json\/wp\/v2\/product_tag?post=1419"}],"curies":[{"name":"wp","href":"https:\/\/api.w.org\/{rel}","templated":true}]}}