{"id":1344,"date":"2021-04-07T13:44:01","date_gmt":"2021-04-07T11:44:01","guid":{"rendered":"https:\/\/saildecor.eu\/?post_type=product&#038;p=1344"},"modified":"2026-01-20T16:36:45","modified_gmt":"2026-01-20T15:36:45","slug":"stolik-debowy-na-kolach-stolik-loftowy-industrialny","status":"publish","type":"product","link":"https:\/\/saildecor.eu\/en\/sklep\/stolik-debowy-na-kolach-stolik-loftowy-industrialny\/","title":{"rendered":"Oak table on wheels, loft table, industrial"},"content":{"rendered":"<p>Stolik industrialny na k\u00f3\u0142kach. Stolik niezwyk\u0142y, poniewa\u017c \u0142\u0105czy ze sob\u0105 odzyskiwane drewno d\u0119bowe oraz surow\u0105 stal. Przy tworzeniu stolika wykorzystano stalowy element konstrukcyjny\u00a0 czyli dwuteownik. Stolik jest mega oryginalny, w ca\u0142o\u015bci wykonany hande made w pracowni kowalstwa artystycznego. Ka\u017cdy element jest dopieszczony i wysokiej jako\u015bci. Pomys\u0142, projekt i wykonanie jest naszym pomys\u0142em. Nie znajdziesz drugiego takiego stolika.\u00a0 Styl loftowy pasuje do r\u00f3\u017cnych rodzaj\u00f3w wn\u0119trz, zar\u00f3wno do nowoczesnych jak i tradycyjnych. Mo\u017ce by\u0107 dope\u0142nieniem ca\u0142o\u015bci lub g\u0142\u00f3wn\u0105, centraln\u0105 ozdob\u0105 w salonie. Mo\u017cliwo\u015bci aran\u017cacji i wykorzystania s\u0105 nieograniczone. Naturalna stal jest zabezpieczona przed korozj\u0105, mo\u017ce zosta\u0107 pomalowana na wybrany kolor na specjalne \u017cyczenie.<\/p>\n<p>Wymiary stolika wys: 42 cm, blat 69&#215;42 cm<\/p>\n<p>The table is a handicraft product, not a machine, made to individual order, it is not a prefabricated product. Please consider your purchases carefully. Art 38 point 3 Act on consumer rights<span id=\"page3R_mcid2\" class=\"markedContent\"> <\/span><span id=\"page3R_mcid3\" class=\"markedContent\"><span dir=\"ltr\" role=\"presentation\">of 30 May 2014<\/span><\/span><\/p>\n<p>Zobacz inne nasze stoliki <a href=\"https:\/\/saildecor.eu\/en\/?product_cat=stoliki-industrialne\">Industrial loft tables<\/a><\/p>\n<p># loft table<\/p>\n<p>#stolikd\u0119bowy<\/p>\n<p>#stoliknako\u0142ach<\/p>\n<p>#table on wheels<\/p>\n<p># Industrial table<\/p>","protected":false},"excerpt":{"rendered":"<p>Oak table on wheels<\/p>","protected":false},"featured_media":1351,"template":"","meta":{"_monsterinsights_skip_tracking":false,"_monsterinsights_sitenote_active":false,"_monsterinsights_sitenote_note":"","_monsterinsights_sitenote_category":0},"product_cat":[39,28],"product_tag":[341,34,36,38,42,64,67,160,251,252,253,257,338,339,340],"yoast_head":"<!-- This site is optimized with the Yoast SEO plugin v21.1 - https:\/\/yoast.com\/wordpress\/plugins\/seo\/ -->\n<title>Stolik d\u0119bowy na ko\u0142ach, stolik loftowy, industrialny -<\/title>\n<meta name=\"description\" content=\"Stolik d\u0119bowy industrialny typu loft. Meble industrialne. Blat d\u0119bowy z drzewa odzyskiwanego, Loftowy wystr\u00f3j wn\u0119trz, stolik kawowy na ko\u0142ach\" \/>\n<meta name=\"robots\" content=\"index, follow, max-snippet:-1, max-image-preview:large, max-video-preview:-1\" \/>\n<link rel=\"canonical\" href=\"https:\/\/saildecor.eu\/en\/sklep\/stolik-debowy-na-kolach-stolik-loftowy-industrialny\/\" \/>\n<meta property=\"og:locale\" content=\"en_GB\" \/>\n<meta property=\"og:type\" content=\"article\" \/>\n<meta property=\"og:title\" content=\"Stolik d\u0119bowy na ko\u0142ach, stolik loftowy, industrialny -\" \/>\n<meta property=\"og:description\" content=\"Stolik d\u0119bowy industrialny typu loft. Meble industrialne. Blat d\u0119bowy z drzewa odzyskiwanego, Loftowy wystr\u00f3j wn\u0119trz, stolik kawowy na ko\u0142ach\" \/>\n<meta property=\"og:url\" content=\"https:\/\/saildecor.eu\/en\/sklep\/stolik-debowy-na-kolach-stolik-loftowy-industrialny\/\" \/>\n<meta property=\"article:publisher\" content=\"https:\/\/www.facebook.com\/saildecor\" \/>\n<meta property=\"article:modified_time\" content=\"2026-01-20T15:36:45+00:00\" \/>\n<meta property=\"og:image\" content=\"https:\/\/saildecor.eu\/wp-content\/uploads\/2021\/04\/stolik-na-kolach-loft-industialny-2.jpeg\" \/>\n\t<meta property=\"og:image:width\" content=\"1600\" \/>\n\t<meta property=\"og:image:height\" content=\"1191\" \/>\n\t<meta property=\"og:image:type\" content=\"image\/jpeg\" \/>\n<meta name=\"twitter:card\" content=\"summary_large_image\" \/>\n<meta name=\"twitter:label1\" content=\"Estimated reading time\" \/>\n\t<meta name=\"twitter:data1\" content=\"1 minute\" \/>\n<script type=\"application\/ld+json\" class=\"yoast-schema-graph\">{\"@context\":\"https:\/\/schema.org\",\"@graph\":[{\"@type\":\"WebPage\",\"@id\":\"https:\/\/saildecor.eu\/sklep\/stolik-debowy-na-kolach-stolik-loftowy-industrialny\/\",\"url\":\"https:\/\/saildecor.eu\/sklep\/stolik-debowy-na-kolach-stolik-loftowy-industrialny\/\",\"name\":\"Stolik d\u0119bowy na ko\u0142ach, stolik loftowy, industrialny -\",\"isPartOf\":{\"@id\":\"https:\/\/saildecor.eu\/#website\"},\"datePublished\":\"2021-04-07T11:44:01+00:00\",\"dateModified\":\"2026-01-20T15:36:45+00:00\",\"description\":\"Stolik d\u0119bowy industrialny typu loft. Meble industrialne. Blat d\u0119bowy z drzewa odzyskiwanego, Loftowy wystr\u00f3j wn\u0119trz, stolik kawowy na ko\u0142ach\",\"breadcrumb\":{\"@id\":\"https:\/\/saildecor.eu\/sklep\/stolik-debowy-na-kolach-stolik-loftowy-industrialny\/#breadcrumb\"},\"inLanguage\":\"en-GB\",\"potentialAction\":[{\"@type\":\"ReadAction\",\"target\":[\"https:\/\/saildecor.eu\/sklep\/stolik-debowy-na-kolach-stolik-loftowy-industrialny\/\"]}]},{\"@type\":\"BreadcrumbList\",\"@id\":\"https:\/\/saildecor.eu\/sklep\/stolik-debowy-na-kolach-stolik-loftowy-industrialny\/#breadcrumb\",\"itemListElement\":[{\"@type\":\"ListItem\",\"position\":1,\"name\":\"Strona g\u0142\u00f3wna\",\"item\":\"https:\/\/saildecor.eu\/\"},{\"@type\":\"ListItem\",\"position\":2,\"name\":\"Sklep\",\"item\":\"https:\/\/saildecor.eu\/\"},{\"@type\":\"ListItem\",\"position\":3,\"name\":\"Stolik d\u0119bowy na ko\u0142ach, stolik loftowy, industrialny\"}]},{\"@type\":\"WebSite\",\"@id\":\"https:\/\/saildecor.eu\/#website\",\"url\":\"https:\/\/saildecor.eu\/\",\"name\":\"\",\"description\":\"\",\"publisher\":{\"@id\":\"https:\/\/saildecor.eu\/#organization\"},\"potentialAction\":[{\"@type\":\"SearchAction\",\"target\":{\"@type\":\"EntryPoint\",\"urlTemplate\":\"https:\/\/saildecor.eu\/?s={search_term_string}\"},\"query-input\":\"required name=search_term_string\"}],\"inLanguage\":\"en-GB\"},{\"@type\":\"Organization\",\"@id\":\"https:\/\/saildecor.eu\/#organization\",\"name\":\"Saildecor\",\"url\":\"https:\/\/saildecor.eu\/\",\"logo\":{\"@type\":\"ImageObject\",\"inLanguage\":\"en-GB\",\"@id\":\"https:\/\/saildecor.eu\/#\/schema\/logo\/image\/\",\"url\":\"https:\/\/saildecor.eu\/wp-content\/uploads\/2021\/03\/Saildecor-_small.jpg\",\"contentUrl\":\"https:\/\/saildecor.eu\/wp-content\/uploads\/2021\/03\/Saildecor-_small.jpg\",\"width\":600,\"height\":484,\"caption\":\"Saildecor\"},\"image\":{\"@id\":\"https:\/\/saildecor.eu\/#\/schema\/logo\/image\/\"},\"sameAs\":[\"https:\/\/www.facebook.com\/saildecor\",\"https:\/\/www.instagram.com\/saildecorart\/\"]}]}<\/script>\n<!-- \/ Yoast SEO plugin. -->","yoast_head_json":{"title":"Stolik d\u0119bowy na ko\u0142ach, stolik loftowy, industrialny -","description":"Stolik d\u0119bowy industrialny typu loft. Meble industrialne. Blat d\u0119bowy z drzewa odzyskiwanego, Loftowy wystr\u00f3j wn\u0119trz, stolik kawowy na ko\u0142ach","robots":{"index":"index","follow":"follow","max-snippet":"max-snippet:-1","max-image-preview":"max-image-preview:large","max-video-preview":"max-video-preview:-1"},"canonical":"https:\/\/saildecor.eu\/en\/sklep\/stolik-debowy-na-kolach-stolik-loftowy-industrialny\/","og_locale":"en_GB","og_type":"article","og_title":"Stolik d\u0119bowy na ko\u0142ach, stolik loftowy, industrialny -","og_description":"Stolik d\u0119bowy industrialny typu loft. Meble industrialne. Blat d\u0119bowy z drzewa odzyskiwanego, Loftowy wystr\u00f3j wn\u0119trz, stolik kawowy na ko\u0142ach","og_url":"https:\/\/saildecor.eu\/en\/sklep\/stolik-debowy-na-kolach-stolik-loftowy-industrialny\/","article_publisher":"https:\/\/www.facebook.com\/saildecor","article_modified_time":"2026-01-20T15:36:45+00:00","og_image":[{"width":1600,"height":1191,"url":"https:\/\/saildecor.eu\/wp-content\/uploads\/2021\/04\/stolik-na-kolach-loft-industialny-2.jpeg","type":"image\/jpeg"}],"twitter_card":"summary_large_image","twitter_misc":{"Estimated reading time":"1 minute"},"schema":{"@context":"https:\/\/schema.org","@graph":[{"@type":"WebPage","@id":"https:\/\/saildecor.eu\/sklep\/stolik-debowy-na-kolach-stolik-loftowy-industrialny\/","url":"https:\/\/saildecor.eu\/sklep\/stolik-debowy-na-kolach-stolik-loftowy-industrialny\/","name":"Stolik d\u0119bowy na ko\u0142ach, stolik loftowy, industrialny -","isPartOf":{"@id":"https:\/\/saildecor.eu\/#website"},"datePublished":"2021-04-07T11:44:01+00:00","dateModified":"2026-01-20T15:36:45+00:00","description":"Stolik d\u0119bowy industrialny typu loft. Meble industrialne. Blat d\u0119bowy z drzewa odzyskiwanego, Loftowy wystr\u00f3j wn\u0119trz, stolik kawowy na ko\u0142ach","breadcrumb":{"@id":"https:\/\/saildecor.eu\/sklep\/stolik-debowy-na-kolach-stolik-loftowy-industrialny\/#breadcrumb"},"inLanguage":"en-GB","potentialAction":[{"@type":"ReadAction","target":["https:\/\/saildecor.eu\/sklep\/stolik-debowy-na-kolach-stolik-loftowy-industrialny\/"]}]},{"@type":"BreadcrumbList","@id":"https:\/\/saildecor.eu\/sklep\/stolik-debowy-na-kolach-stolik-loftowy-industrialny\/#breadcrumb","itemListElement":[{"@type":"ListItem","position":1,"name":"Strona g\u0142\u00f3wna","item":"https:\/\/saildecor.eu\/"},{"@type":"ListItem","position":2,"name":"Sklep","item":"https:\/\/saildecor.eu\/"},{"@type":"ListItem","position":3,"name":"Stolik d\u0119bowy na ko\u0142ach, stolik loftowy, industrialny"}]},{"@type":"WebSite","@id":"https:\/\/saildecor.eu\/#website","url":"https:\/\/saildecor.eu\/","name":"","description":"","publisher":{"@id":"https:\/\/saildecor.eu\/#organization"},"potentialAction":[{"@type":"SearchAction","target":{"@type":"EntryPoint","urlTemplate":"https:\/\/saildecor.eu\/?s={search_term_string}"},"query-input":"required name=search_term_string"}],"inLanguage":"en-GB"},{"@type":"Organization","@id":"https:\/\/saildecor.eu\/#organization","name":"Saildecor","url":"https:\/\/saildecor.eu\/","logo":{"@type":"ImageObject","inLanguage":"en-GB","@id":"https:\/\/saildecor.eu\/#\/schema\/logo\/image\/","url":"https:\/\/saildecor.eu\/wp-content\/uploads\/2021\/03\/Saildecor-_small.jpg","contentUrl":"https:\/\/saildecor.eu\/wp-content\/uploads\/2021\/03\/Saildecor-_small.jpg","width":600,"height":484,"caption":"Saildecor"},"image":{"@id":"https:\/\/saildecor.eu\/#\/schema\/logo\/image\/"},"sameAs":["https:\/\/www.facebook.com\/saildecor","https:\/\/www.instagram.com\/saildecorart\/"]}]}},"_links":{"self":[{"href":"https:\/\/saildecor.eu\/en\/wp-json\/wp\/v2\/product\/1344"}],"collection":[{"href":"https:\/\/saildecor.eu\/en\/wp-json\/wp\/v2\/product"}],"about":[{"href":"https:\/\/saildecor.eu\/en\/wp-json\/wp\/v2\/types\/product"}],"wp:featuredmedia":[{"embeddable":true,"href":"https:\/\/saildecor.eu\/en\/wp-json\/wp\/v2\/media\/1351"}],"wp:attachment":[{"href":"https:\/\/saildecor.eu\/en\/wp-json\/wp\/v2\/media?parent=1344"}],"wp:term":[{"taxonomy":"product_cat","embeddable":true,"href":"https:\/\/saildecor.eu\/en\/wp-json\/wp\/v2\/product_cat?post=1344"},{"taxonomy":"product_tag","embeddable":true,"href":"https:\/\/saildecor.eu\/en\/wp-json\/wp\/v2\/product_tag?post=1344"}],"curies":[{"name":"wp","href":"https:\/\/api.w.org\/{rel}","templated":true}]}}