{"id":1126,"date":"2021-02-05T15:12:39","date_gmt":"2021-02-05T14:12:39","guid":{"rendered":"https:\/\/saildecor.eu\/?post_type=product&#038;p=1126"},"modified":"2026-01-20T18:58:15","modified_gmt":"2026-01-20T17:58:15","slug":"stolik-kawowy-debowy-industrialny-loft","status":"publish","type":"product","link":"https:\/\/saildecor.eu\/en\/sklep\/stolik-kawowy-debowy-industrialny-loft\/","title":{"rendered":"Oak industrial loft coffee table"},"content":{"rendered":"<div class=\"\" dir=\"auto\">\n<div id=\"jsc_c_9j\" class=\"ecm0bbzt hv4rvrfc ihqw7lf3 dati1w0a\" data-ad-comet-preview=\"message\" data-ad-preview=\"message\">\n<div class=\"j83agx80 cbu4d94t ew0dbk1b irj2b8pg\">\n<div class=\"qzhwtbm6 knvmm38d\">\n<div class=\"kvgmc6g5 cxmmr5t8 oygrvhab hcukyx3x c1et5uql ii04i59q\">\n<div dir=\"auto\">Industrial coffee table (loft) with a thick oak top. The table top is made of reclaimed wood, 8 cm thick. Metal elements in a natural color, covered with a colorless varnish.<\/div>\n<div dir=\"auto\">The dimensions of the table are 69 cm long, 42 cm wide and 40 cm high.<\/div>\n<div dir=\"auto\">It is possible to paint the steel elements in any color.<\/div>\n<div dir=\"auto\">One table was created and it will stay that way, he will be an only child. If you like this table and would like to have it, do not postpone the decision too much<\/div>\n<div dir=\"auto\">See other industrial tables <a href=\"https:\/\/saildecor.eu\/en\/?product_cat=meble-industrialne\">Industrial furniture<\/a><\/div>\n<\/div>\n<\/div>\n<\/div>\n<\/div>\n<\/div>","protected":false},"excerpt":{"rendered":"<p>Oak loft coffee table<\/p>","protected":false},"featured_media":1131,"template":"","meta":{"_monsterinsights_skip_tracking":false,"_monsterinsights_sitenote_active":false,"_monsterinsights_sitenote_note":"","_monsterinsights_sitenote_category":0},"product_cat":[39,28],"product_tag":[64,67,123,248,249,250,251,252,253,254,255,256,257],"yoast_head":"<!-- This site is optimized with the Yoast SEO plugin v21.1 - https:\/\/yoast.com\/wordpress\/plugins\/seo\/ -->\n<title>Stolik kawowy d\u0119bowy industrialny loft -<\/title>\n<meta name=\"description\" content=\"Stolik loft z d\u0119bowym blatem. Stolik industrialny wykonany hande made. stolik industrialny d\u0119bowy. meble industrialne\" \/>\n<meta name=\"robots\" content=\"index, follow, max-snippet:-1, max-image-preview:large, max-video-preview:-1\" \/>\n<link rel=\"canonical\" href=\"https:\/\/saildecor.eu\/en\/sklep\/stolik-kawowy-debowy-industrialny-loft\/\" \/>\n<meta property=\"og:locale\" content=\"en_GB\" \/>\n<meta property=\"og:type\" content=\"article\" \/>\n<meta property=\"og:title\" content=\"Stolik kawowy d\u0119bowy industrialny loft -\" \/>\n<meta property=\"og:description\" content=\"Stolik loft z d\u0119bowym blatem. Stolik industrialny wykonany hande made. stolik industrialny d\u0119bowy. meble industrialne\" \/>\n<meta property=\"og:url\" content=\"https:\/\/saildecor.eu\/en\/sklep\/stolik-kawowy-debowy-industrialny-loft\/\" \/>\n<meta property=\"article:publisher\" content=\"https:\/\/www.facebook.com\/saildecor\" \/>\n<meta property=\"article:modified_time\" content=\"2026-01-20T17:58:15+00:00\" \/>\n<meta property=\"og:image\" content=\"https:\/\/saildecor.eu\/wp-content\/uploads\/2021\/02\/IMG_20210205_124353764popr.jpg\" \/>\n\t<meta property=\"og:image:width\" content=\"1231\" \/>\n\t<meta property=\"og:image:height\" content=\"870\" \/>\n\t<meta property=\"og:image:type\" content=\"image\/jpeg\" \/>\n<meta name=\"twitter:card\" content=\"summary_large_image\" \/>\n<meta name=\"twitter:label1\" content=\"Estimated reading time\" \/>\n\t<meta name=\"twitter:data1\" content=\"1 minute\" \/>\n<script type=\"application\/ld+json\" class=\"yoast-schema-graph\">{\"@context\":\"https:\/\/schema.org\",\"@graph\":[{\"@type\":\"WebPage\",\"@id\":\"https:\/\/saildecor.eu\/sklep\/stolik-kawowy-debowy-industrialny-loft\/\",\"url\":\"https:\/\/saildecor.eu\/sklep\/stolik-kawowy-debowy-industrialny-loft\/\",\"name\":\"Stolik kawowy d\u0119bowy industrialny loft -\",\"isPartOf\":{\"@id\":\"https:\/\/saildecor.eu\/#website\"},\"datePublished\":\"2021-02-05T14:12:39+00:00\",\"dateModified\":\"2026-01-20T17:58:15+00:00\",\"description\":\"Stolik loft z d\u0119bowym blatem. Stolik industrialny wykonany hande made. stolik industrialny d\u0119bowy. meble industrialne\",\"breadcrumb\":{\"@id\":\"https:\/\/saildecor.eu\/sklep\/stolik-kawowy-debowy-industrialny-loft\/#breadcrumb\"},\"inLanguage\":\"en-GB\",\"potentialAction\":[{\"@type\":\"ReadAction\",\"target\":[\"https:\/\/saildecor.eu\/sklep\/stolik-kawowy-debowy-industrialny-loft\/\"]}]},{\"@type\":\"BreadcrumbList\",\"@id\":\"https:\/\/saildecor.eu\/sklep\/stolik-kawowy-debowy-industrialny-loft\/#breadcrumb\",\"itemListElement\":[{\"@type\":\"ListItem\",\"position\":1,\"name\":\"Strona g\u0142\u00f3wna\",\"item\":\"https:\/\/saildecor.eu\/\"},{\"@type\":\"ListItem\",\"position\":2,\"name\":\"Sklep\",\"item\":\"https:\/\/saildecor.eu\/\"},{\"@type\":\"ListItem\",\"position\":3,\"name\":\"Stolik kawowy d\u0119bowy industrialny loft\"}]},{\"@type\":\"WebSite\",\"@id\":\"https:\/\/saildecor.eu\/#website\",\"url\":\"https:\/\/saildecor.eu\/\",\"name\":\"\",\"description\":\"\",\"publisher\":{\"@id\":\"https:\/\/saildecor.eu\/#organization\"},\"potentialAction\":[{\"@type\":\"SearchAction\",\"target\":{\"@type\":\"EntryPoint\",\"urlTemplate\":\"https:\/\/saildecor.eu\/?s={search_term_string}\"},\"query-input\":\"required name=search_term_string\"}],\"inLanguage\":\"en-GB\"},{\"@type\":\"Organization\",\"@id\":\"https:\/\/saildecor.eu\/#organization\",\"name\":\"Saildecor\",\"url\":\"https:\/\/saildecor.eu\/\",\"logo\":{\"@type\":\"ImageObject\",\"inLanguage\":\"en-GB\",\"@id\":\"https:\/\/saildecor.eu\/#\/schema\/logo\/image\/\",\"url\":\"https:\/\/saildecor.eu\/wp-content\/uploads\/2021\/03\/Saildecor-_small.jpg\",\"contentUrl\":\"https:\/\/saildecor.eu\/wp-content\/uploads\/2021\/03\/Saildecor-_small.jpg\",\"width\":600,\"height\":484,\"caption\":\"Saildecor\"},\"image\":{\"@id\":\"https:\/\/saildecor.eu\/#\/schema\/logo\/image\/\"},\"sameAs\":[\"https:\/\/www.facebook.com\/saildecor\",\"https:\/\/www.instagram.com\/saildecorart\/\"]}]}<\/script>\n<!-- \/ Yoast SEO plugin. -->","yoast_head_json":{"title":"Stolik kawowy d\u0119bowy industrialny loft -","description":"Stolik loft z d\u0119bowym blatem. Stolik industrialny wykonany hande made. stolik industrialny d\u0119bowy. meble industrialne","robots":{"index":"index","follow":"follow","max-snippet":"max-snippet:-1","max-image-preview":"max-image-preview:large","max-video-preview":"max-video-preview:-1"},"canonical":"https:\/\/saildecor.eu\/en\/sklep\/stolik-kawowy-debowy-industrialny-loft\/","og_locale":"en_GB","og_type":"article","og_title":"Stolik kawowy d\u0119bowy industrialny loft -","og_description":"Stolik loft z d\u0119bowym blatem. Stolik industrialny wykonany hande made. stolik industrialny d\u0119bowy. meble industrialne","og_url":"https:\/\/saildecor.eu\/en\/sklep\/stolik-kawowy-debowy-industrialny-loft\/","article_publisher":"https:\/\/www.facebook.com\/saildecor","article_modified_time":"2026-01-20T17:58:15+00:00","og_image":[{"width":1231,"height":870,"url":"https:\/\/saildecor.eu\/wp-content\/uploads\/2021\/02\/IMG_20210205_124353764popr.jpg","type":"image\/jpeg"}],"twitter_card":"summary_large_image","twitter_misc":{"Estimated reading time":"1 minute"},"schema":{"@context":"https:\/\/schema.org","@graph":[{"@type":"WebPage","@id":"https:\/\/saildecor.eu\/sklep\/stolik-kawowy-debowy-industrialny-loft\/","url":"https:\/\/saildecor.eu\/sklep\/stolik-kawowy-debowy-industrialny-loft\/","name":"Stolik kawowy d\u0119bowy industrialny loft -","isPartOf":{"@id":"https:\/\/saildecor.eu\/#website"},"datePublished":"2021-02-05T14:12:39+00:00","dateModified":"2026-01-20T17:58:15+00:00","description":"Stolik loft z d\u0119bowym blatem. Stolik industrialny wykonany hande made. stolik industrialny d\u0119bowy. meble industrialne","breadcrumb":{"@id":"https:\/\/saildecor.eu\/sklep\/stolik-kawowy-debowy-industrialny-loft\/#breadcrumb"},"inLanguage":"en-GB","potentialAction":[{"@type":"ReadAction","target":["https:\/\/saildecor.eu\/sklep\/stolik-kawowy-debowy-industrialny-loft\/"]}]},{"@type":"BreadcrumbList","@id":"https:\/\/saildecor.eu\/sklep\/stolik-kawowy-debowy-industrialny-loft\/#breadcrumb","itemListElement":[{"@type":"ListItem","position":1,"name":"Strona g\u0142\u00f3wna","item":"https:\/\/saildecor.eu\/"},{"@type":"ListItem","position":2,"name":"Sklep","item":"https:\/\/saildecor.eu\/"},{"@type":"ListItem","position":3,"name":"Stolik kawowy d\u0119bowy industrialny loft"}]},{"@type":"WebSite","@id":"https:\/\/saildecor.eu\/#website","url":"https:\/\/saildecor.eu\/","name":"","description":"","publisher":{"@id":"https:\/\/saildecor.eu\/#organization"},"potentialAction":[{"@type":"SearchAction","target":{"@type":"EntryPoint","urlTemplate":"https:\/\/saildecor.eu\/?s={search_term_string}"},"query-input":"required name=search_term_string"}],"inLanguage":"en-GB"},{"@type":"Organization","@id":"https:\/\/saildecor.eu\/#organization","name":"Saildecor","url":"https:\/\/saildecor.eu\/","logo":{"@type":"ImageObject","inLanguage":"en-GB","@id":"https:\/\/saildecor.eu\/#\/schema\/logo\/image\/","url":"https:\/\/saildecor.eu\/wp-content\/uploads\/2021\/03\/Saildecor-_small.jpg","contentUrl":"https:\/\/saildecor.eu\/wp-content\/uploads\/2021\/03\/Saildecor-_small.jpg","width":600,"height":484,"caption":"Saildecor"},"image":{"@id":"https:\/\/saildecor.eu\/#\/schema\/logo\/image\/"},"sameAs":["https:\/\/www.facebook.com\/saildecor","https:\/\/www.instagram.com\/saildecorart\/"]}]}},"_links":{"self":[{"href":"https:\/\/saildecor.eu\/en\/wp-json\/wp\/v2\/product\/1126"}],"collection":[{"href":"https:\/\/saildecor.eu\/en\/wp-json\/wp\/v2\/product"}],"about":[{"href":"https:\/\/saildecor.eu\/en\/wp-json\/wp\/v2\/types\/product"}],"wp:featuredmedia":[{"embeddable":true,"href":"https:\/\/saildecor.eu\/en\/wp-json\/wp\/v2\/media\/1131"}],"wp:attachment":[{"href":"https:\/\/saildecor.eu\/en\/wp-json\/wp\/v2\/media?parent=1126"}],"wp:term":[{"taxonomy":"product_cat","embeddable":true,"href":"https:\/\/saildecor.eu\/en\/wp-json\/wp\/v2\/product_cat?post=1126"},{"taxonomy":"product_tag","embeddable":true,"href":"https:\/\/saildecor.eu\/en\/wp-json\/wp\/v2\/product_tag?post=1126"}],"curies":[{"name":"wp","href":"https:\/\/api.w.org\/{rel}","templated":true}]}}