{"id":1055,"date":"2020-12-09T21:58:29","date_gmt":"2020-12-09T20:58:29","guid":{"rendered":"https:\/\/saildecor.eu\/?post_type=product&#038;p=1055"},"modified":"2021-06-18T14:07:46","modified_gmt":"2021-06-18T12:07:46","slug":"torba-z-uzywanego-zagla-listonoszka","status":"publish","type":"product","link":"https:\/\/saildecor.eu\/en\/sklep\/torba-z-uzywanego-zagla-listonoszka\/","title":{"rendered":"A bag made of a used satchel sail"},"content":{"rendered":"<p><span style=\"color: #1c1e21;\"><span style=\"font-family: Helvetica, Arial, sans-serif;\"><span style=\"font-size: small;\">The bags are made of real sails, we gave them a new life. Each bag is unique, each has a different seam, contains a different element of the sail from which it was made. They are real, a little grey, a little worn. They smell like wind. An elegant, stainless anchor adds charm to the bag.<\/span><\/span><\/span><\/p>\n<p><span style=\"color: #1c1e21;\"><span style=\"font-family: Helvetica, Arial, sans-serif;\"><span style=\"font-size: small;\">Dimension height 40 cm, width 37 cm. <\/span><\/span><\/span><\/p>\n<p>If you want to choose a specific copy, write to us, we will send you photos of bags that are currently available.<\/p>","protected":false},"excerpt":{"rendered":"<p>A shoulder bag made of a used sail<\/p>","protected":false},"featured_media":1080,"template":"","meta":{"_monsterinsights_skip_tracking":false,"_monsterinsights_sitenote_active":false,"_monsterinsights_sitenote_note":"","_monsterinsights_sitenote_category":0},"product_cat":[196],"product_tag":[197,198,200,201,202,229,230],"yoast_head":"<!-- This site is optimized with the Yoast SEO plugin v21.1 - https:\/\/yoast.com\/wordpress\/plugins\/seo\/ -->\n<title>Torba z u\u017cywanego \u017cagla listonoszka -<\/title>\n<meta name=\"robots\" content=\"index, follow, max-snippet:-1, max-image-preview:large, max-video-preview:-1\" \/>\n<link rel=\"canonical\" href=\"https:\/\/saildecor.eu\/en\/sklep\/torba-z-uzywanego-zagla-listonoszka\/\" \/>\n<meta property=\"og:locale\" content=\"en_GB\" \/>\n<meta property=\"og:type\" content=\"article\" \/>\n<meta property=\"og:title\" content=\"Torba z u\u017cywanego \u017cagla listonoszka -\" \/>\n<meta property=\"og:description\" content=\"Torba na rami\u0119 z u\u017cywanego \u017cagla\" \/>\n<meta property=\"og:url\" content=\"https:\/\/saildecor.eu\/en\/sklep\/torba-z-uzywanego-zagla-listonoszka\/\" \/>\n<meta property=\"article:publisher\" content=\"https:\/\/www.facebook.com\/saildecor\" \/>\n<meta property=\"article:modified_time\" content=\"2021-06-18T12:07:46+00:00\" \/>\n<meta property=\"og:image\" content=\"https:\/\/saildecor.eu\/wp-content\/uploads\/2020\/12\/listonoszka-popr-scaled.jpg\" \/>\n\t<meta property=\"og:image:width\" content=\"2560\" \/>\n\t<meta property=\"og:image:height\" content=\"2347\" \/>\n\t<meta property=\"og:image:type\" content=\"image\/jpeg\" \/>\n<meta name=\"twitter:card\" content=\"summary_large_image\" \/>\n<script type=\"application\/ld+json\" class=\"yoast-schema-graph\">{\"@context\":\"https:\/\/schema.org\",\"@graph\":[{\"@type\":\"WebPage\",\"@id\":\"https:\/\/saildecor.eu\/sklep\/torba-z-uzywanego-zagla-listonoszka\/\",\"url\":\"https:\/\/saildecor.eu\/sklep\/torba-z-uzywanego-zagla-listonoszka\/\",\"name\":\"Torba z u\u017cywanego \u017cagla listonoszka -\",\"isPartOf\":{\"@id\":\"https:\/\/saildecor.eu\/#website\"},\"datePublished\":\"2020-12-09T20:58:29+00:00\",\"dateModified\":\"2021-06-18T12:07:46+00:00\",\"breadcrumb\":{\"@id\":\"https:\/\/saildecor.eu\/sklep\/torba-z-uzywanego-zagla-listonoszka\/#breadcrumb\"},\"inLanguage\":\"en-GB\",\"potentialAction\":[{\"@type\":\"ReadAction\",\"target\":[\"https:\/\/saildecor.eu\/sklep\/torba-z-uzywanego-zagla-listonoszka\/\"]}]},{\"@type\":\"BreadcrumbList\",\"@id\":\"https:\/\/saildecor.eu\/sklep\/torba-z-uzywanego-zagla-listonoszka\/#breadcrumb\",\"itemListElement\":[{\"@type\":\"ListItem\",\"position\":1,\"name\":\"Strona g\u0142\u00f3wna\",\"item\":\"https:\/\/saildecor.eu\/\"},{\"@type\":\"ListItem\",\"position\":2,\"name\":\"Sklep\",\"item\":\"https:\/\/saildecor.eu\/\"},{\"@type\":\"ListItem\",\"position\":3,\"name\":\"Torba z u\u017cywanego \u017cagla listonoszka\"}]},{\"@type\":\"WebSite\",\"@id\":\"https:\/\/saildecor.eu\/#website\",\"url\":\"https:\/\/saildecor.eu\/\",\"name\":\"\",\"description\":\"\",\"publisher\":{\"@id\":\"https:\/\/saildecor.eu\/#organization\"},\"potentialAction\":[{\"@type\":\"SearchAction\",\"target\":{\"@type\":\"EntryPoint\",\"urlTemplate\":\"https:\/\/saildecor.eu\/?s={search_term_string}\"},\"query-input\":\"required name=search_term_string\"}],\"inLanguage\":\"en-GB\"},{\"@type\":\"Organization\",\"@id\":\"https:\/\/saildecor.eu\/#organization\",\"name\":\"Saildecor\",\"url\":\"https:\/\/saildecor.eu\/\",\"logo\":{\"@type\":\"ImageObject\",\"inLanguage\":\"en-GB\",\"@id\":\"https:\/\/saildecor.eu\/#\/schema\/logo\/image\/\",\"url\":\"https:\/\/saildecor.eu\/wp-content\/uploads\/2021\/03\/Saildecor-_small.jpg\",\"contentUrl\":\"https:\/\/saildecor.eu\/wp-content\/uploads\/2021\/03\/Saildecor-_small.jpg\",\"width\":600,\"height\":484,\"caption\":\"Saildecor\"},\"image\":{\"@id\":\"https:\/\/saildecor.eu\/#\/schema\/logo\/image\/\"},\"sameAs\":[\"https:\/\/www.facebook.com\/saildecor\",\"https:\/\/www.instagram.com\/saildecorart\/\"]}]}<\/script>\n<!-- \/ Yoast SEO plugin. -->","yoast_head_json":{"title":"Torba z u\u017cywanego \u017cagla listonoszka -","robots":{"index":"index","follow":"follow","max-snippet":"max-snippet:-1","max-image-preview":"max-image-preview:large","max-video-preview":"max-video-preview:-1"},"canonical":"https:\/\/saildecor.eu\/en\/sklep\/torba-z-uzywanego-zagla-listonoszka\/","og_locale":"en_GB","og_type":"article","og_title":"Torba z u\u017cywanego \u017cagla listonoszka -","og_description":"Torba na rami\u0119 z u\u017cywanego \u017cagla","og_url":"https:\/\/saildecor.eu\/en\/sklep\/torba-z-uzywanego-zagla-listonoszka\/","article_publisher":"https:\/\/www.facebook.com\/saildecor","article_modified_time":"2021-06-18T12:07:46+00:00","og_image":[{"width":2560,"height":2347,"url":"https:\/\/saildecor.eu\/wp-content\/uploads\/2020\/12\/listonoszka-popr-scaled.jpg","type":"image\/jpeg"}],"twitter_card":"summary_large_image","schema":{"@context":"https:\/\/schema.org","@graph":[{"@type":"WebPage","@id":"https:\/\/saildecor.eu\/sklep\/torba-z-uzywanego-zagla-listonoszka\/","url":"https:\/\/saildecor.eu\/sklep\/torba-z-uzywanego-zagla-listonoszka\/","name":"Torba z u\u017cywanego \u017cagla listonoszka -","isPartOf":{"@id":"https:\/\/saildecor.eu\/#website"},"datePublished":"2020-12-09T20:58:29+00:00","dateModified":"2021-06-18T12:07:46+00:00","breadcrumb":{"@id":"https:\/\/saildecor.eu\/sklep\/torba-z-uzywanego-zagla-listonoszka\/#breadcrumb"},"inLanguage":"en-GB","potentialAction":[{"@type":"ReadAction","target":["https:\/\/saildecor.eu\/sklep\/torba-z-uzywanego-zagla-listonoszka\/"]}]},{"@type":"BreadcrumbList","@id":"https:\/\/saildecor.eu\/sklep\/torba-z-uzywanego-zagla-listonoszka\/#breadcrumb","itemListElement":[{"@type":"ListItem","position":1,"name":"Strona g\u0142\u00f3wna","item":"https:\/\/saildecor.eu\/"},{"@type":"ListItem","position":2,"name":"Sklep","item":"https:\/\/saildecor.eu\/"},{"@type":"ListItem","position":3,"name":"Torba z u\u017cywanego \u017cagla listonoszka"}]},{"@type":"WebSite","@id":"https:\/\/saildecor.eu\/#website","url":"https:\/\/saildecor.eu\/","name":"","description":"","publisher":{"@id":"https:\/\/saildecor.eu\/#organization"},"potentialAction":[{"@type":"SearchAction","target":{"@type":"EntryPoint","urlTemplate":"https:\/\/saildecor.eu\/?s={search_term_string}"},"query-input":"required name=search_term_string"}],"inLanguage":"en-GB"},{"@type":"Organization","@id":"https:\/\/saildecor.eu\/#organization","name":"Saildecor","url":"https:\/\/saildecor.eu\/","logo":{"@type":"ImageObject","inLanguage":"en-GB","@id":"https:\/\/saildecor.eu\/#\/schema\/logo\/image\/","url":"https:\/\/saildecor.eu\/wp-content\/uploads\/2021\/03\/Saildecor-_small.jpg","contentUrl":"https:\/\/saildecor.eu\/wp-content\/uploads\/2021\/03\/Saildecor-_small.jpg","width":600,"height":484,"caption":"Saildecor"},"image":{"@id":"https:\/\/saildecor.eu\/#\/schema\/logo\/image\/"},"sameAs":["https:\/\/www.facebook.com\/saildecor","https:\/\/www.instagram.com\/saildecorart\/"]}]}},"_links":{"self":[{"href":"https:\/\/saildecor.eu\/en\/wp-json\/wp\/v2\/product\/1055"}],"collection":[{"href":"https:\/\/saildecor.eu\/en\/wp-json\/wp\/v2\/product"}],"about":[{"href":"https:\/\/saildecor.eu\/en\/wp-json\/wp\/v2\/types\/product"}],"wp:featuredmedia":[{"embeddable":true,"href":"https:\/\/saildecor.eu\/en\/wp-json\/wp\/v2\/media\/1080"}],"wp:attachment":[{"href":"https:\/\/saildecor.eu\/en\/wp-json\/wp\/v2\/media?parent=1055"}],"wp:term":[{"taxonomy":"product_cat","embeddable":true,"href":"https:\/\/saildecor.eu\/en\/wp-json\/wp\/v2\/product_cat?post=1055"},{"taxonomy":"product_tag","embeddable":true,"href":"https:\/\/saildecor.eu\/en\/wp-json\/wp\/v2\/product_tag?post=1055"}],"curies":[{"name":"wp","href":"https:\/\/api.w.org\/{rel}","templated":true}]}}